{"id":223,"date":"2024-08-30T00:22:16","date_gmt":"2024-08-29T21:22:16","guid":{"rendered":"https:\/\/discoverkavala.com\/?page_id=223"},"modified":"2024-09-06T11:27:04","modified_gmt":"2024-09-06T08:27:04","slug":"events","status":"publish","type":"page","link":"https:\/\/discoverkavala.com\/ro\/events","title":{"rendered":"Evenimente"},"content":{"rendered":"<div data-elementor-type=\"wp-page\" data-elementor-id=\"223\" class=\"elementor elementor-223\" data-elementor-settings=\"{&quot;ha_cmc_init_switcher&quot;:&quot;no&quot;}\" data-elementor-post-type=\"page\">\n\t\t\t\t\t\t<section class=\"elementor-section elementor-top-section elementor-element elementor-element-7a942d4 elementor-section-boxed elementor-section-height-default elementor-section-height-default\" data-id=\"7a942d4\" data-element_type=\"section\" data-e-type=\"section\" data-settings=\"{&quot;_ha_eqh_enable&quot;:false}\">\n\t\t\t\t\t\t<div class=\"elementor-container elementor-column-gap-default\">\n\t\t\t\t\t<div class=\"elementor-column elementor-col-100 elementor-top-column elementor-element elementor-element-f1b5d85\" data-id=\"f1b5d85\" data-element_type=\"column\" data-e-type=\"column\">\n\t\t\t<div class=\"elementor-widget-wrap elementor-element-populated\">\n\t\t\t\t\t\t<div class=\"elementor-element elementor-element-6eff03c elementor-widget elementor-widget-icon-box\" data-id=\"6eff03c\" data-element_type=\"widget\" data-e-type=\"widget\" data-widget_type=\"icon-box.default\">\n\t\t\t\t<div class=\"elementor-widget-container\">\n\t\t\t\t\t\t\t<div class=\"elementor-icon-box-wrapper\">\n\n\t\t\t\n\t\t\t\t\t\t<div class=\"elementor-icon-box-content\">\n\n\t\t\t\t\t\t\t\t\t<h2 class=\"elementor-icon-box-title\">\n\t\t\t\t\t\t<span  >\n\t\t\t\t\t\t\tEvenimente\t\t\t\t\t\t<\/span>\n\t\t\t\t\t<\/h2>\n\t\t\t\t\n\t\t\t\t\n\t\t\t<\/div>\n\t\t\t\n\t\t<\/div>\n\t\t\t\t\t\t<\/div>\n\t\t\t\t<\/div>\n\t\t\t\t<section class=\"elementor-section elementor-inner-section elementor-element elementor-element-b02d9c8 elementor-section-boxed elementor-section-height-default elementor-section-height-default\" data-id=\"b02d9c8\" data-element_type=\"section\" data-e-type=\"section\" data-settings=\"{&quot;_ha_eqh_enable&quot;:false}\">\n\t\t\t\t\t\t<div class=\"elementor-container elementor-column-gap-default\">\n\t\t\t\t\t<div class=\"elementor-column elementor-col-50 elementor-inner-column elementor-element elementor-element-f35c9db\" data-id=\"f35c9db\" data-element_type=\"column\" data-e-type=\"column\">\n\t\t\t<div class=\"elementor-widget-wrap elementor-element-populated\">\n\t\t\t\t\t\t<div class=\"elementor-element elementor-element-6f548a7 elementor-widget elementor-widget-image\" data-id=\"6f548a7\" data-element_type=\"widget\" data-e-type=\"widget\" data-widget_type=\"image.default\">\n\t\t\t\t<div class=\"elementor-widget-container\">\n\t\t\t\t\t\t\t\t\t\t\t\t\t\t\t<img decoding=\"async\" src=\"https:\/\/discoverkavala.com\/wp-content\/plugins\/elementor\/assets\/images\/placeholder.png\" title=\"\" alt=\"\" loading=\"lazy\" \/>\t\t\t\t\t\t\t\t\t\t\t\t\t\t\t<\/div>\n\t\t\t\t<\/div>\n\t\t\t\t\t<\/div>\n\t\t<\/div>\n\t\t\t\t<div class=\"elementor-column elementor-col-50 elementor-inner-column elementor-element elementor-element-1a320a8\" data-id=\"1a320a8\" data-element_type=\"column\" data-e-type=\"column\">\n\t\t\t<div class=\"elementor-widget-wrap elementor-element-populated\">\n\t\t\t\t\t\t<div class=\"elementor-element elementor-element-860e586 elementor-widget elementor-widget-heading\" data-id=\"860e586\" data-element_type=\"widget\" data-e-type=\"widget\" data-widget_type=\"heading.default\">\n\t\t\t\t<div class=\"elementor-widget-container\">\n\t\t\t\t\t<h2 class=\"elementor-heading-title elementor-size-default\">Cr\u0103ciunul \u00een Kavala<\/h2>\t\t\t\t<\/div>\n\t\t\t\t<\/div>\n\t\t\t\t<div class=\"elementor-element elementor-element-771593d elementor-widget elementor-widget-text-editor\" data-id=\"771593d\" data-element_type=\"widget\" data-e-type=\"widget\" data-widget_type=\"text-editor.default\">\n\t\t\t\t<div class=\"elementor-widget-container\">\n\t\t\t\t\t\t\t\t\t<p>Evenimentul cultural anual din Kavala a \u00eenceput \u00een 1999 \u0219i dureaz\u0103 aproximativ o lun\u0103 \u00een fiecare decembrie. Scopul s\u0103u este de a oferi evenimente culturale gratuite pentru toate categoriile de v\u00e2rst\u0103 \u00een timpul s\u0103rb\u0103torilor de Cr\u0103ciun. Evenimentul include multe activit\u0103\u021bi \u0219i are loc \u00een diverse spa\u021bii publice din unitatea municipal\u0103 Kavala. Finan\u021barea provine de la Prim\u0103ria Kavala, care \u00eel organizeaz\u0103, precum \u0219i din veniturile ob\u021binute din \u00eenchirierea spa\u021biilor \u0219i propriet\u0103\u021bilor folosite \u00een scopuri comerciale \u00een Pia\u021ba Eleftheria \u0219i \u00een alte zone din Kavala.<\/p>\t\t\t\t\t\t\t\t<\/div>\n\t\t\t\t<\/div>\n\t\t\t\t\t<\/div>\n\t\t<\/div>\n\t\t\t\t\t<\/div>\n\t\t<\/section>\n\t\t\t\t<section class=\"elementor-section elementor-inner-section elementor-element elementor-element-ad9655a elementor-section-boxed elementor-section-height-default elementor-section-height-default\" data-id=\"ad9655a\" data-element_type=\"section\" data-e-type=\"section\" data-settings=\"{&quot;_ha_eqh_enable&quot;:false}\">\n\t\t\t\t\t\t<div class=\"elementor-container elementor-column-gap-default\">\n\t\t\t\t\t<div class=\"elementor-column elementor-col-50 elementor-inner-column elementor-element elementor-element-4d0e33d\" data-id=\"4d0e33d\" data-element_type=\"column\" data-e-type=\"column\">\n\t\t\t<div class=\"elementor-widget-wrap elementor-element-populated\">\n\t\t\t\t\t\t<div class=\"elementor-element elementor-element-9c1b2aa elementor-widget elementor-widget-image\" data-id=\"9c1b2aa\" data-element_type=\"widget\" data-e-type=\"widget\" data-widget_type=\"image.default\">\n\t\t\t\t<div class=\"elementor-widget-container\">\n\t\t\t\t\t\t\t\t\t\t\t\t\t\t\t<img decoding=\"async\" src=\"https:\/\/discoverkavala.com\/wp-content\/plugins\/elementor\/assets\/images\/placeholder.png\" title=\"\" alt=\"\" loading=\"lazy\" \/>\t\t\t\t\t\t\t\t\t\t\t\t\t\t\t<\/div>\n\t\t\t\t<\/div>\n\t\t\t\t\t<\/div>\n\t\t<\/div>\n\t\t\t\t<div class=\"elementor-column elementor-col-50 elementor-inner-column elementor-element elementor-element-dab7b70\" data-id=\"dab7b70\" data-element_type=\"column\" data-e-type=\"column\">\n\t\t\t<div class=\"elementor-widget-wrap elementor-element-populated\">\n\t\t\t\t\t\t<div class=\"elementor-element elementor-element-98a992a elementor-widget elementor-widget-heading\" data-id=\"98a992a\" data-element_type=\"widget\" data-e-type=\"widget\" data-widget_type=\"heading.default\">\n\t\t\t\t<div class=\"elementor-widget-container\">\n\t\t\t\t\t<h2 class=\"elementor-heading-title elementor-size-default\">Parada Alfabetului<\/h2>\t\t\t\t<\/div>\n\t\t\t\t<\/div>\n\t\t\t\t<div class=\"elementor-element elementor-element-280e3cd elementor-widget elementor-widget-text-editor\" data-id=\"280e3cd\" data-element_type=\"widget\" data-e-type=\"widget\" data-widget_type=\"text-editor.default\">\n\t\t\t\t<div class=\"elementor-widget-container\">\n\t\t\t\t\t\t\t\t\t<p>Parada Alfabetului se desf\u0103\u0219oar\u0103 \u00een Kavala din 2006 \u0219i este un eveniment cultural impresionant \u0219i unic care are loc \u00eenainte de Lunea Curat\u0103, ca preludiu la s\u0103rb\u0103torile de Carnaval. \u00cen timpul paradei, elevii, \u00eenso\u021bi\u021bi de p\u0103rin\u021bi \u0219i profesori, \u00eembr\u0103ca\u021bi \u00een costume originale f\u0103cute din materiale precum carton, s\u00e2rm\u0103 \u0219i \u021bes\u0103tur\u0103, care reprezint\u0103 diferite litere ale alfabetului, se plimb\u0103 prin centrul ora\u0219ului, \u00eenc\u00e2nt\u00e2nd spectatorii. Evenimentul creeaz\u0103 o atmosfer\u0103 pl\u0103cut\u0103 plin\u0103 de culoare, muzic\u0103 \u0219i creativitate.<\/p>\t\t\t\t\t\t\t\t<\/div>\n\t\t\t\t<\/div>\n\t\t\t\t\t<\/div>\n\t\t<\/div>\n\t\t\t\t\t<\/div>\n\t\t<\/section>\n\t\t\t\t<section class=\"elementor-section elementor-inner-section elementor-element elementor-element-ea08a9c elementor-section-boxed elementor-section-height-default elementor-section-height-default\" data-id=\"ea08a9c\" data-element_type=\"section\" data-e-type=\"section\" data-settings=\"{&quot;_ha_eqh_enable&quot;:false}\">\n\t\t\t\t\t\t<div class=\"elementor-container elementor-column-gap-default\">\n\t\t\t\t\t<div class=\"elementor-column elementor-col-50 elementor-inner-column elementor-element elementor-element-d11e207\" data-id=\"d11e207\" data-element_type=\"column\" data-e-type=\"column\">\n\t\t\t<div class=\"elementor-widget-wrap elementor-element-populated\">\n\t\t\t\t\t\t<div class=\"elementor-element elementor-element-36994a6 elementor-widget elementor-widget-image\" data-id=\"36994a6\" data-element_type=\"widget\" data-e-type=\"widget\" data-widget_type=\"image.default\">\n\t\t\t\t<div class=\"elementor-widget-container\">\n\t\t\t\t\t\t\t\t\t\t\t\t\t\t\t<img decoding=\"async\" src=\"https:\/\/discoverkavala.com\/wp-content\/plugins\/elementor\/assets\/images\/placeholder.png\" title=\"\" alt=\"\" loading=\"lazy\" \/>\t\t\t\t\t\t\t\t\t\t\t\t\t\t\t<\/div>\n\t\t\t\t<\/div>\n\t\t\t\t\t<\/div>\n\t\t<\/div>\n\t\t\t\t<div class=\"elementor-column elementor-col-50 elementor-inner-column elementor-element elementor-element-27eb6c2\" data-id=\"27eb6c2\" data-element_type=\"column\" data-e-type=\"column\">\n\t\t\t<div class=\"elementor-widget-wrap elementor-element-populated\">\n\t\t\t\t\t\t<div class=\"elementor-element elementor-element-dcfb817 elementor-widget elementor-widget-heading\" data-id=\"dcfb817\" data-element_type=\"widget\" data-e-type=\"widget\" data-widget_type=\"heading.default\">\n\t\t\t\t<div class=\"elementor-widget-container\">\n\t\t\t\t\t<h2 class=\"elementor-heading-title elementor-size-default\">Reprezentarea unei nun\u021bi pontice<\/h2>\t\t\t\t<\/div>\n\t\t\t\t<\/div>\n\t\t\t\t<div class=\"elementor-element elementor-element-0c9da3a elementor-widget elementor-widget-text-editor\" data-id=\"0c9da3a\" data-element_type=\"widget\" data-e-type=\"widget\" data-widget_type=\"text-editor.default\">\n\t\t\t\t<div class=\"elementor-widget-container\">\n\t\t\t\t\t\t\t\t\t<p>Evenimentul, organizat continuu din 1976 \u00een ziua s\u0103rb\u0103torii Apostolului Toma, are loc \u00een pia\u021ba central\u0103 din Zigos, Kavala. Este apogeul activit\u0103\u021bilor organizate de Asocia\u021bia Pontic\u0103 a satului. Scopul evenimentului este de a re\u00eenvia obiceiurile \u0219i tradi\u021biile nun\u021bii pontice, oferind preparate tradi\u021bionale precum \"keskek\" \u0219i \"pisia\", \u00een timp ce ofer\u0103 distrac\u021bie \u0219i pl\u0103cere at\u00e2t pentru localnici, c\u00e2t \u0219i pentru vizitatori. De asemenea, se organizeaz\u0103 o reprezenta\u021bie cu muzic\u0103 \u0219i instrumente tradi\u021bionale, la care particip\u0103 grupuri muzicale \u0219i de dans din Asocia\u021bia Pontic\u0103 din Zigos \u201eYpsilantis\u201d \u0219i alte asocia\u021bii locale.<\/p>\t\t\t\t\t\t\t\t<\/div>\n\t\t\t\t<\/div>\n\t\t\t\t\t<\/div>\n\t\t<\/div>\n\t\t\t\t\t<\/div>\n\t\t<\/section>\n\t\t\t\t<section class=\"elementor-section elementor-inner-section elementor-element elementor-element-0f5dd93 elementor-section-boxed elementor-section-height-default elementor-section-height-default\" data-id=\"0f5dd93\" data-element_type=\"section\" data-e-type=\"section\" data-settings=\"{&quot;_ha_eqh_enable&quot;:false}\">\n\t\t\t\t\t\t<div class=\"elementor-container elementor-column-gap-default\">\n\t\t\t\t\t<div class=\"elementor-column elementor-col-50 elementor-inner-column elementor-element elementor-element-cab3499\" data-id=\"cab3499\" data-element_type=\"column\" data-e-type=\"column\">\n\t\t\t<div class=\"elementor-widget-wrap elementor-element-populated\">\n\t\t\t\t\t\t<div class=\"elementor-element elementor-element-448f2d0 elementor-widget elementor-widget-image\" data-id=\"448f2d0\" data-element_type=\"widget\" data-e-type=\"widget\" data-widget_type=\"image.default\">\n\t\t\t\t<div class=\"elementor-widget-container\">\n\t\t\t\t\t\t\t\t\t\t\t\t\t\t\t<img decoding=\"async\" src=\"https:\/\/discoverkavala.com\/wp-content\/plugins\/elementor\/assets\/images\/placeholder.png\" title=\"\" alt=\"\" loading=\"lazy\" \/>\t\t\t\t\t\t\t\t\t\t\t\t\t\t\t<\/div>\n\t\t\t\t<\/div>\n\t\t\t\t\t<\/div>\n\t\t<\/div>\n\t\t\t\t<div class=\"elementor-column elementor-col-50 elementor-inner-column elementor-element elementor-element-c08e6a9\" data-id=\"c08e6a9\" data-element_type=\"column\" data-e-type=\"column\">\n\t\t\t<div class=\"elementor-widget-wrap elementor-element-populated\">\n\t\t\t\t\t\t<div class=\"elementor-element elementor-element-2c23f55 elementor-widget elementor-widget-heading\" data-id=\"2c23f55\" data-element_type=\"widget\" data-e-type=\"widget\" data-widget_type=\"heading.default\">\n\t\t\t\t<div class=\"elementor-widget-container\">\n\t\t\t\t\t<h2 class=\"elementor-heading-title elementor-size-default\">Eleftheria<\/h2>\t\t\t\t<\/div>\n\t\t\t\t<\/div>\n\t\t\t\t<div class=\"elementor-element elementor-element-908ecaf elementor-widget elementor-widget-text-editor\" data-id=\"908ecaf\" data-element_type=\"widget\" data-e-type=\"widget\" data-widget_type=\"text-editor.default\">\n\t\t\t\t<div class=\"elementor-widget-container\">\n\t\t\t\t\t\t\t\t\t<p>\u00cen fiecare an, municipalitatea din Kavala organizeaz\u0103 o serie de evenimente culturale intitulate \u201eEleftheria\u201d pentru a s\u0103rb\u0103tori eliberarea ora\u0219ului de sub for\u021bele bulgare \u00een timpul r\u0103zboaielor balcanice pe 26 iunie 1913. Aceste evenimente au loc \u00een principal \u00een a doua jum\u0103tate a lunii iunie \u0219i se \u00eencheie cu s\u0103rb\u0103toarea sf\u00e2ntului patron al Kavalei, Apostolul Pavel, pe 29 iunie. Festivit\u0103\u021bile includ reprezenta\u021bii teatrale, evenimente muzicale, expozi\u021bii de arte vizuale, dansuri populare \u0219i alte activit\u0103\u021bi desf\u0103\u0219urate \u00een loca\u021bii precum fort\u0103rea\u021ba \u0219i Pia\u021ba Libert\u0103\u021bii. Vizitatorii au oportunitatea de a explora \u0219i aprecia istoria local\u0103 prin aceste evenimente artistice.<\/p>\t\t\t\t\t\t\t\t<\/div>\n\t\t\t\t<\/div>\n\t\t\t\t\t<\/div>\n\t\t<\/div>\n\t\t\t\t\t<\/div>\n\t\t<\/section>\n\t\t\t\t<section class=\"elementor-section elementor-inner-section elementor-element elementor-element-7f3fa0b elementor-section-boxed elementor-section-height-default elementor-section-height-default\" data-id=\"7f3fa0b\" data-element_type=\"section\" data-e-type=\"section\" data-settings=\"{&quot;_ha_eqh_enable&quot;:false}\">\n\t\t\t\t\t\t<div class=\"elementor-container elementor-column-gap-default\">\n\t\t\t\t\t<div class=\"elementor-column elementor-col-50 elementor-inner-column elementor-element elementor-element-bb5ac57\" data-id=\"bb5ac57\" data-element_type=\"column\" data-e-type=\"column\">\n\t\t\t<div class=\"elementor-widget-wrap elementor-element-populated\">\n\t\t\t\t\t\t<div class=\"elementor-element elementor-element-4896091 elementor-widget elementor-widget-image\" data-id=\"4896091\" data-element_type=\"widget\" data-e-type=\"widget\" data-widget_type=\"image.default\">\n\t\t\t\t<div class=\"elementor-widget-container\">\n\t\t\t\t\t\t\t\t\t\t\t\t\t\t\t<img decoding=\"async\" src=\"https:\/\/discoverkavala.com\/wp-content\/plugins\/elementor\/assets\/images\/placeholder.png\" title=\"\" alt=\"\" loading=\"lazy\" \/>\t\t\t\t\t\t\t\t\t\t\t\t\t\t\t<\/div>\n\t\t\t\t<\/div>\n\t\t\t\t\t<\/div>\n\t\t<\/div>\n\t\t\t\t<div class=\"elementor-column elementor-col-50 elementor-inner-column elementor-element elementor-element-693e693\" data-id=\"693e693\" data-element_type=\"column\" data-e-type=\"column\">\n\t\t\t<div class=\"elementor-widget-wrap elementor-element-populated\">\n\t\t\t\t\t\t<div class=\"elementor-element elementor-element-bda3973 elementor-widget elementor-widget-heading\" data-id=\"bda3973\" data-element_type=\"widget\" data-e-type=\"widget\" data-widget_type=\"heading.default\">\n\t\t\t\t<div class=\"elementor-widget-container\">\n\t\t\t\t\t<h2 class=\"elementor-heading-title elementor-size-default\">Noaptea Alb\u0103 \u00een Kavala<\/h2>\t\t\t\t<\/div>\n\t\t\t\t<\/div>\n\t\t\t\t<div class=\"elementor-element elementor-element-a7c9c6e elementor-widget elementor-widget-text-editor\" data-id=\"a7c9c6e\" data-element_type=\"widget\" data-e-type=\"widget\" data-widget_type=\"text-editor.default\">\n\t\t\t\t<div class=\"elementor-widget-container\">\n\t\t\t\t\t\t\t\t\t<p>Noaptea Alb\u0103 \u00een Kavala este un eveniment anual animat, care se desf\u0103\u0219oar\u0103 \u00een fiecare mai \u0219i este organizat de Asocia\u021bia Comercial\u0103 din Kavala. \u00cen timpul evenimentului, pia\u021ba r\u0103m\u00e2ne deschis\u0103 p\u00e2n\u0103 la miezul nop\u021bii, oferind vizitatorilor ocazia de a explora magazinele \u0219i ofertele speciale. Programul include zeci de activit\u0103\u021bi at\u00e2t pentru tineri, c\u00e2t \u0219i pentru v\u00e2rstnici, cum ar fi dansuri, spectacole de muzic\u0103 \u0219i expozi\u021bii, combin\u00e2nd divertismentul cu promovarea comercial\u0103. Cu gama sa larg\u0103 de activit\u0103\u021bi, Noaptea Alb\u0103 \u00eencurajeaz\u0103 activitatea de cump\u0103rare \u0219i ofer\u0103 o sear\u0103 pl\u0103cut\u0103 pentru to\u021bi participan\u021bii.<\/p>\t\t\t\t\t\t\t\t<\/div>\n\t\t\t\t<\/div>\n\t\t\t\t\t<\/div>\n\t\t<\/div>\n\t\t\t\t\t<\/div>\n\t\t<\/section>\n\t\t\t\t<section class=\"elementor-section elementor-inner-section elementor-element elementor-element-972f478 elementor-section-boxed elementor-section-height-default elementor-section-height-default\" data-id=\"972f478\" data-element_type=\"section\" data-e-type=\"section\" data-settings=\"{&quot;_ha_eqh_enable&quot;:false}\">\n\t\t\t\t\t\t<div class=\"elementor-container elementor-column-gap-default\">\n\t\t\t\t\t<div class=\"elementor-column elementor-col-50 elementor-inner-column elementor-element elementor-element-016ed0c\" data-id=\"016ed0c\" data-element_type=\"column\" data-e-type=\"column\">\n\t\t\t<div class=\"elementor-widget-wrap elementor-element-populated\">\n\t\t\t\t\t\t<div class=\"elementor-element elementor-element-3242534 elementor-widget elementor-widget-image\" data-id=\"3242534\" data-element_type=\"widget\" data-e-type=\"widget\" data-widget_type=\"image.default\">\n\t\t\t\t<div class=\"elementor-widget-container\">\n\t\t\t\t\t\t\t\t\t\t\t\t\t\t\t<img decoding=\"async\" src=\"https:\/\/discoverkavala.com\/wp-content\/plugins\/elementor\/assets\/images\/placeholder.png\" title=\"\" alt=\"\" loading=\"lazy\" \/>\t\t\t\t\t\t\t\t\t\t\t\t\t\t\t<\/div>\n\t\t\t\t<\/div>\n\t\t\t\t\t<\/div>\n\t\t<\/div>\n\t\t\t\t<div class=\"elementor-column elementor-col-50 elementor-inner-column elementor-element elementor-element-c4b25de\" data-id=\"c4b25de\" data-element_type=\"column\" data-e-type=\"column\">\n\t\t\t<div class=\"elementor-widget-wrap elementor-element-populated\">\n\t\t\t\t\t\t<div class=\"elementor-element elementor-element-71d44d0 elementor-widget elementor-widget-heading\" data-id=\"71d44d0\" data-element_type=\"widget\" data-e-type=\"widget\" data-widget_type=\"heading.default\">\n\t\t\t\t<div class=\"elementor-widget-container\">\n\t\t\t\t\t<h2 class=\"elementor-heading-title elementor-size-default\">Perameia<\/h2>\t\t\t\t<\/div>\n\t\t\t\t<\/div>\n\t\t\t\t<div class=\"elementor-element elementor-element-0fbaef7 elementor-widget elementor-widget-text-editor\" data-id=\"0fbaef7\" data-element_type=\"widget\" data-e-type=\"widget\" data-widget_type=\"text-editor.default\">\n\t\t\t\t<div class=\"elementor-widget-container\">\n\t\t\t\t\t\t\t\t\t<p>Perameia, care se desf\u0103\u0219oar\u0103 \u00een Nea Peramos \u00een fiecare iulie timp de zece zile, este un eveniment care ofer\u0103 un program bogat de activit\u0103\u021bi culturale. Include spectacole muzicale \u0219i de dans cu elemente tradi\u021bionale \u0219i contemporane, precum \u0219i reprezenta\u021bii teatrale care acoper\u0103 o varietate de teme. De asemenea, sunt organizate expozi\u021bii de art\u0103 ale creatorilor locali, oferind o oportunitate de a eviden\u021bia patrimoniul cultural \u0219i creativitatea zonei. Festivalul atrage vizitatori din diverse regiuni, contribuind la vitalitatea \u0219i dezvoltarea comunit\u0103\u021bii locale.<\/p>\t\t\t\t\t\t\t\t<\/div>\n\t\t\t\t<\/div>\n\t\t\t\t\t<\/div>\n\t\t<\/div>\n\t\t\t\t\t<\/div>\n\t\t<\/section>\n\t\t\t\t\t<\/div>\n\t\t<\/div>\n\t\t\t\t\t<\/div>\n\t\t<\/section>\n\t\t<div class=\"elementor-element elementor-element-7767236 e-flex e-con-boxed e-con e-parent\" data-id=\"7767236\" data-element_type=\"container\" data-e-type=\"container\" data-settings=\"{&quot;background_background&quot;:&quot;classic&quot;,&quot;_ha_eqh_enable&quot;:false}\">\n\t\t\t\t\t<div class=\"e-con-inner\">\n\t\t\t\t<div class=\"elementor-element elementor-element-bdb3cdb elementor-widget elementor-widget-image\" data-id=\"bdb3cdb\" data-element_type=\"widget\" data-e-type=\"widget\" data-widget_type=\"image.default\">\n\t\t\t\t<div class=\"elementor-widget-container\">\n\t\t\t\t\t\t\t\t\t\t\t\t\t\t\t\t<a href=\"\/ro\/contact\/\">\n\t\t\t\t\t\t\t<img decoding=\"async\" width=\"219\" height=\"35\" src=\"https:\/\/discoverkavala.com\/wp-content\/uploads\/2024\/10\/AdIcon-RO.png\" class=\"attachment-full size-full wp-image-1520\" alt=\"\" srcset=\"https:\/\/discoverkavala.com\/wp-content\/uploads\/2024\/10\/AdIcon-RO.png 219w, https:\/\/discoverkavala.com\/wp-content\/uploads\/2024\/10\/AdIcon-RO-18x3.png 18w\" sizes=\"(max-width: 219px) 100vw, 219px\" \/>\t\t\t\t\t\t\t\t<\/a>\n\t\t\t\t\t\t\t\t\t\t\t\t\t\t\t<\/div>\n\t\t\t\t<\/div>\n\t\t\t\t\t<\/div>\n\t\t\t\t<\/div>\n\t\t\t\t<\/div>","protected":false},"excerpt":{"rendered":"<p>Events Christmas in Kavala The annual cultural event in Kavala started in 1999 and lasts for about a month every December. Its purpose is to offer free cultural events for all age groups during the Christmas holidays. The event includes many activities and takes place in various public spaces within the municipal unit of Kavala&#8230;.<\/p>","protected":false},"author":1,"featured_media":0,"parent":0,"menu_order":0,"comment_status":"closed","ping_status":"closed","template":"elementor_header_footer","meta":{"_kad_post_transparent":"","_kad_post_title":"hide","_kad_post_layout":"fullwidth","_kad_post_sidebar_id":"","_kad_post_content_style":"unboxed","_kad_post_vertical_padding":"hide","_kad_post_feature":"hide","_kad_post_feature_position":"","_kad_post_header":false,"_kad_post_footer":false,"_kad_post_classname":"","footnotes":""},"class_list":["post-223","page","type-page","status-publish","hentry"],"aioseo_notices":[],"_links":{"self":[{"href":"https:\/\/discoverkavala.com\/ro\/wp-json\/wp\/v2\/pages\/223","targetHints":{"allow":["GET"]}}],"collection":[{"href":"https:\/\/discoverkavala.com\/ro\/wp-json\/wp\/v2\/pages"}],"about":[{"href":"https:\/\/discoverkavala.com\/ro\/wp-json\/wp\/v2\/types\/page"}],"author":[{"embeddable":true,"href":"https:\/\/discoverkavala.com\/ro\/wp-json\/wp\/v2\/users\/1"}],"replies":[{"embeddable":true,"href":"https:\/\/discoverkavala.com\/ro\/wp-json\/wp\/v2\/comments?post=223"}],"version-history":[{"count":0,"href":"https:\/\/discoverkavala.com\/ro\/wp-json\/wp\/v2\/pages\/223\/revisions"}],"wp:attachment":[{"href":"https:\/\/discoverkavala.com\/ro\/wp-json\/wp\/v2\/media?parent=223"}],"curies":[{"name":"wp","href":"https:\/\/api.w.org\/{rel}","templated":true}]}}