{"id":47,"date":"2024-07-31T10:26:04","date_gmt":"2024-07-31T07:26:04","guid":{"rendered":"https:\/\/discoverkavala.com\/?page_id=47"},"modified":"2025-01-20T23:19:26","modified_gmt":"2025-01-20T21:19:26","slug":"history","status":"publish","type":"page","link":"https:\/\/discoverkavala.com\/ro\/history","title":{"rendered":"Istorie"},"content":{"rendered":"<div data-elementor-type=\"wp-page\" data-elementor-id=\"47\" class=\"elementor elementor-47\" data-elementor-settings=\"{&quot;ha_cmc_init_switcher&quot;:&quot;no&quot;}\" data-elementor-post-type=\"page\">\n\t\t\t\t<div class=\"elementor-element elementor-element-b99172a e-flex e-con-boxed e-con e-parent\" data-id=\"b99172a\" data-element_type=\"container\" data-e-type=\"container\" data-settings=\"{&quot;_ha_eqh_enable&quot;:false}\">\n\t\t\t\t\t<div class=\"e-con-inner\">\n\t\t\t\t<div class=\"elementor-element elementor-element-396f952 elementor-widget elementor-widget-image\" data-id=\"396f952\" data-element_type=\"widget\" data-e-type=\"widget\" data-widget_type=\"image.default\">\n\t\t\t\t<div class=\"elementor-widget-container\">\n\t\t\t\t\t\t\t\t\t\t\t\t\t\t\t<img decoding=\"async\" src=\"https:\/\/discoverkavala.com\/wp-content\/uploads\/elementor\/thumbs\/history-icon-qtc8foryptytunc93rin3ppidemyl2hv8icnwdqpfg.png\" title=\"history-icon\" alt=\"history-icon\" loading=\"lazy\" \/>\t\t\t\t\t\t\t\t\t\t\t\t\t\t\t<\/div>\n\t\t\t\t<\/div>\n\t\t\t\t<div class=\"elementor-element elementor-element-c16ea68 elementor-widget elementor-widget-heading\" data-id=\"c16ea68\" data-element_type=\"widget\" data-e-type=\"widget\" data-widget_type=\"heading.default\">\n\t\t\t\t<div class=\"elementor-widget-container\">\n\t\t\t\t\t<h2 class=\"elementor-heading-title elementor-size-default\">Istoria Kavalei<\/h2>\t\t\t\t<\/div>\n\t\t\t\t<\/div>\n\t\t\t\t\t<\/div>\n\t\t\t\t<\/div>\n\t\t<div class=\"elementor-element elementor-element-d57653c e-flex e-con-boxed e-con e-parent\" data-id=\"d57653c\" data-element_type=\"container\" data-e-type=\"container\" data-settings=\"{&quot;_ha_eqh_enable&quot;:false}\">\n\t\t\t\t\t<div class=\"e-con-inner\">\n\t\t\t\t<div class=\"elementor-element elementor-element-2e0b645 elementor-widget elementor-widget-text-editor\" data-id=\"2e0b645\" data-element_type=\"widget\" data-e-type=\"widget\" data-widget_type=\"text-editor.default\">\n\t\t\t\t<div class=\"elementor-widget-container\">\n\t\t\t\t\t\t\t\t\t<p>Situat \u00een mod amfiteatral pe versan\u021bii Muntelui Symbol, Kavala este poate cel mai pitoreasc\u0103 ora\u0219 din Grecia de Nord. Este capitala unit\u0103\u021bii regionale Kavala \u0219i are aproximativ 70.000 de locuitori, eviden\u021biind m\u0103re\u021bia unui ora\u0219 vibrant cu o istorie \u0219i cultur\u0103 bogate.<\/p><p>\u00cen antichitate, ora\u0219ul era cunoscut sub numele de Neapolis, care \u00eenseamn\u0103 \u201eOra\u0219 Nou\u201d, indic\u00e2nd stabilirea sa ca o nou\u0103 colonie de c\u0103tre coloni\u0219tii thasieni \u00een secolul al VII-lea \u00ee.Hr. Pozi\u021bia sa strategic\u0103 \u00een Golful Kavala a f\u0103cut-o un port ideal \u0219i un centru comercial, situat vizavi de Thassos, care era deja un centru semnificativ datorit\u0103 depozitelor sale bogate de aur \u0219i argint.<\/p>\t\t\t\t\t\t\t\t<\/div>\n\t\t\t\t<\/div>\n\t\t\t\t\t<\/div>\n\t\t\t\t<\/div>\n\t\t<div class=\"elementor-element elementor-element-0b62797 e-flex e-con-boxed e-con e-parent\" data-id=\"0b62797\" data-element_type=\"container\" data-e-type=\"container\" data-settings=\"{&quot;_ha_eqh_enable&quot;:false}\">\n\t\t\t\t\t<div class=\"e-con-inner\">\n\t\t\t\t<div class=\"elementor-element elementor-element-8677ce1 elementor-widget elementor-widget-timeline-widget-addon\" data-id=\"8677ce1\" data-element_type=\"widget\" data-e-type=\"widget\" data-widget_type=\"timeline-widget-addon.default\">\n\t\t\t\t<div class=\"elementor-widget-container\">\n\t\t\t\t\t<!-- ========= Timeline Widget Addon For Elementor 1.6.23 ========= -->\n<div id=\"twae-wrapper-8677ce1\" class=\"twae-vertical twae-wrapper  twae-both-sided\">   \n    <div class=\"twae-start\"><\/div>    \n    <div id=\"twea-timeline-8677ce1\" class=\"twae-timeline\" ><!-- Start of Story Repeater Content --><div id=\"story-75419bf\" class=\"twae-story twae-repeater-item twae-story-right twae-story-no-icon\"><!-- Story Icon --><div class=\"twae-icon\"><i aria-hidden=\"true\" class=\"far fa-clock\"><\/i><\/div><!-- Story Arrow --><div class=\"twae-arrow\"><\/div><!-- Start of Story Content --><div class=\"twae-content\"><!-- Story Title --><div class=\"twae-title\">secolul VII \u00ee.Hr.<\/div><!-- Story Description --><div class=\"twae-description\"><p>Fondat ca Neapolis de coloni\u0219tii thasieni, ora\u0219ul a devenit un important centru de comer\u021b \u0219i cultur\u0103 \u00een vremurile antice.<\/p><\/div><\/div><\/div><!-- Start of Story Repeater Content --><div id=\"story-ef18eaf\" class=\"twae-story twae-repeater-item twae-story-left twae-story-no-icon\"><!-- Story Icon --><div class=\"twae-icon\"><i aria-hidden=\"true\" class=\"far fa-clock\"><\/i><\/div><!-- Story Arrow --><div class=\"twae-arrow\"><\/div><!-- Start of Story Content --><div class=\"twae-content\"><!-- Story Title --><div class=\"twae-title\">Secolul al V-lea \u00ee.Hr.<\/div><!-- Story Description --><div class=\"twae-description\"><p>Particip\u0103 la Alian\u021ba Atenian\u0103 (Alian\u021ba Delos), sus\u021bin\u00e2nd hegemonia Atenei \u0219i particip\u00e2nd activ la obliga\u021biile militare \u0219i politice comune ale alian\u021bei.<\/p><\/div><\/div><\/div><!-- Start of Story Repeater Content --><div id=\"story-f64fd07\" class=\"twae-story twae-repeater-item twae-story-right twae-story-no-icon\"><!-- Story Icon --><div class=\"twae-icon\"><i aria-hidden=\"true\" class=\"far fa-clock\"><\/i><\/div><!-- Story Arrow --><div class=\"twae-arrow\"><\/div><!-- Start of Story Content --><div class=\"twae-content\"><!-- Story Title --><div class=\"twae-title\">Secolul IV \u00ee.Hr.<\/div><!-- Story Description --><div class=\"twae-description\"><p>A fost integrat\u0103 \u00een Regatul Macedoniei de c\u0103tre Filip II, ridic\u00e2nd ora\u0219ul la statutul de centru important al teritoriului macedonean.<\/p><\/div><\/div><\/div><!-- Start of Story Repeater Content --><div id=\"story-5077b68\" class=\"twae-story twae-repeater-item twae-story-left twae-story-no-icon\"><!-- Story Icon --><div class=\"twae-icon\"><i aria-hidden=\"true\" class=\"far fa-clock\"><\/i><\/div><!-- Story Arrow --><div class=\"twae-arrow\"><\/div><!-- Start of Story Content --><div class=\"twae-content\"><!-- Story Title --><div class=\"twae-title\">336 \u00ee.Hr.<\/div><!-- Story Description --><div class=\"twae-description\"><p>Filip II este asasinat, iar tronul este mo\u0219tenit de Alexandru cel Mare.<\/p><\/div><\/div><\/div><!-- Start of Story Repeater Content --><div id=\"story-41903ce\" class=\"twae-story twae-repeater-item twae-story-right twae-story-no-icon\"><!-- Story Icon --><div class=\"twae-icon\"><i aria-hidden=\"true\" class=\"far fa-clock\"><\/i><\/div><!-- Story Arrow --><div class=\"twae-arrow\"><\/div><!-- Start of Story Content --><div class=\"twae-content\"><!-- Story Title --><div class=\"twae-title\">49 d.Hr.<\/div><!-- Story Description --><div class=\"twae-description\"><p>Apostolul Pavel viziteaz\u0103 Kavala \u0219i eviden\u021biaz\u0103 bog\u0103\u021bia cultural\u0103 \u0219i religioas\u0103 a ora\u0219ului.<\/p><\/div><\/div><\/div><!-- Start of Story Repeater Content --><div id=\"story-032b490\" class=\"twae-story twae-repeater-item twae-story-left twae-story-no-icon\"><!-- Story Icon --><div class=\"twae-icon\"><i aria-hidden=\"true\" class=\"far fa-clock\"><\/i><\/div><!-- Story Arrow --><div class=\"twae-arrow\"><\/div><!-- Start of Story Content --><div class=\"twae-content\"><!-- Story Title --><div class=\"twae-title\">Anul 50 d.Hr.<\/div><!-- Story Description --><div class=\"twae-description\"><p>Se \u00eenfiin\u021beaz\u0103 prima comunitate cre\u0219tin\u0103, constituind o parte important\u0103 din istoria zonei \u0219i din istoria cre\u0219tinismului \u00een general.<\/p><\/div><\/div><\/div><!-- Start of Story Repeater Content --><div id=\"story-7371f35\" class=\"twae-story twae-repeater-item twae-story-right twae-story-no-icon\"><!-- Story Icon --><div class=\"twae-icon\"><i aria-hidden=\"true\" class=\"far fa-clock\"><\/i><\/div><!-- Story Arrow --><div class=\"twae-arrow\"><\/div><!-- Start of Story Content --><div class=\"twae-content\"><!-- Story Title --><div class=\"twae-title\">Secolele I - IV d.Hr.<\/div><!-- Story Description --><div class=\"twae-description\"><p>\u00a0Cunoa\u0219te o evolu\u021bie comercial\u0103 \u0219i militar\u0103 semnificativ\u0103, afirm\u00e2ndu-se ca un centru important de comer\u021b \u0219i de importan\u021b\u0103 strategic\u0103 \u00een zona mai larg\u0103 a Mediteranei de Est.<\/p><\/div><\/div><\/div><!-- Start of Story Repeater Content --><div id=\"story-bc43d54\" class=\"twae-story twae-repeater-item twae-story-left twae-story-no-icon\"><!-- Story Icon --><div class=\"twae-icon\"><i aria-hidden=\"true\" class=\"far fa-clock\"><\/i><\/div><!-- Story Arrow --><div class=\"twae-arrow\"><\/div><!-- Start of Story Content --><div class=\"twae-content\"><!-- Story Title --><div class=\"twae-title\">Secolul VI d.Hr.<\/div><!-- Story Description --><div class=\"twae-description\"><p>Este numit Christoupolis datorit\u0103 prezen\u021bei semnificative a cre\u0219tinilor \u0219i a comunit\u0103\u021bii cre\u0219tine.<\/p><\/div><\/div><\/div><!-- Start of Story Repeater Content --><div id=\"story-7dd368e\" class=\"twae-story twae-repeater-item twae-story-right twae-story-no-icon\"><!-- Story Icon --><div class=\"twae-icon\"><i aria-hidden=\"true\" class=\"far fa-clock\"><\/i><\/div><!-- Story Arrow --><div class=\"twae-arrow\"><\/div><!-- Start of Story Content --><div class=\"twae-content\"><!-- Story Title --><div class=\"twae-title\">Evul Mediu<\/div><!-- Story Description --><div class=\"twae-description\"><p>Ora\u0219ul trece succesiv sub domina\u021bia bizantinilor, apoi a latinilor \u0219i a albanezilor, devenind bogat \u00een influen\u021be istorice \u0219i diversitate cultural\u0103.<\/p><\/div><\/div><\/div><!-- Start of Story Repeater Content --><div id=\"story-7664044\" class=\"twae-story twae-repeater-item twae-story-left twae-story-no-icon\"><!-- Story Icon --><div class=\"twae-icon\"><i aria-hidden=\"true\" class=\"far fa-clock\"><\/i><\/div><!-- Story Arrow --><div class=\"twae-arrow\"><\/div><!-- Start of Story Content --><div class=\"twae-content\"><!-- Story Title --><div class=\"twae-title\">Secolul al XIV-lea - al XV-lea<\/div><!-- Story Description --><div class=\"twae-description\"><p>Prin cucerirea otoman\u0103, ora\u0219ul experimenteaz\u0103 o transformare semnificativ\u0103 \u00een istoria sa, influen\u021b\u00e2nd arhitectura, cultura \u0219i structura social\u0103.<\/p><\/div><\/div><\/div><!-- Start of Story Repeater Content --><div id=\"story-2761a62\" class=\"twae-story twae-repeater-item twae-story-right twae-story-no-icon\"><!-- Story Icon --><div class=\"twae-icon\"><i aria-hidden=\"true\" class=\"far fa-clock\"><\/i><\/div><!-- Story Arrow --><div class=\"twae-arrow\"><\/div><!-- Start of Story Content --><div class=\"twae-content\"><!-- Story Title --><div class=\"twae-title\">\u00cenceputul secolului XX<\/div><!-- Story Description --><div class=\"twae-description\"><p>R\u0103zboaiele balcanice duc la eliberarea Kavalei de sub Imperiul Otoman, deschiz\u00e2nd calea pentru integrarea sa \u00een statul grec liber.<\/p><\/div><\/div><\/div><!-- Start of Story Repeater Content --><div id=\"story-9b44e65\" class=\"twae-story twae-repeater-item twae-story-left twae-story-no-icon\"><!-- Story Icon --><div class=\"twae-icon\"><i aria-hidden=\"true\" class=\"far fa-clock\"><\/i><\/div><!-- Story Arrow --><div class=\"twae-arrow\"><\/div><!-- Start of Story Content --><div class=\"twae-content\"><!-- Story Title --><div class=\"twae-title\">Perioada interbelic\u0103<\/div><!-- Story Description --><div class=\"twae-description\"><p>\u00ce\u0219i subliniaz\u0103 pozi\u021bia ca un centru comercial \u0219i port important \u00een perioada interbelic\u0103, prosper\u00e2nd datorit\u0103 exporturilor de tutun, \u00een timp ce se dezvolt\u0103 \u0219i cultural \u0219i arhitectural.<\/p><\/div><\/div><\/div><!-- Start of Story Repeater Content --><div id=\"story-8221df4\" class=\"twae-story twae-repeater-item twae-story-right twae-story-no-icon\"><!-- Story Icon --><div class=\"twae-icon\"><i aria-hidden=\"true\" class=\"far fa-clock\"><\/i><\/div><!-- Story Arrow --><div class=\"twae-arrow\"><\/div><!-- Start of Story Content --><div class=\"twae-content\"><!-- Story Title --><div class=\"twae-title\">Al Doilea R\u0103zboi Mondial<\/div><!-- Story Description --><div class=\"twae-description\"><p>Se afl\u0103 sub ocupa\u021bie german\u0103 \u00een timpul celui de-al Doilea R\u0103zboi Mondial, afect\u00e2nd profund via\u021ba \u0219i condi\u021biile de trai ale popula\u021biei.<\/p><\/div><\/div><\/div><!-- Start of Story Repeater Content --><div id=\"story-a66935c\" class=\"twae-story twae-repeater-item twae-story-left twae-story-no-icon\"><!-- Story Icon --><div class=\"twae-icon\"><i aria-hidden=\"true\" class=\"far fa-clock\"><\/i><\/div><!-- Story Arrow --><div class=\"twae-arrow\"><\/div><!-- Start of Story Content --><div class=\"twae-content\"><!-- Story Title --><div class=\"twae-title\">Perioada postbelic\u0103<\/div><!-- Story Description --><div class=\"twae-description\"><p>Se afl\u0103 \u00eentr-o faz\u0103 important\u0103 de dezvoltare economic\u0103, simultan cu rea\u0219ezarea refugia\u021bilor, oferind noi oportunit\u0103\u021bi \u0219i facilit\u0103\u021bi comunit\u0103\u021bii locale.<\/p><\/div><\/div><\/div><!-- Start of Story Repeater Content --><div id=\"story-94115a2\" class=\"twae-story twae-repeater-item twae-story-right twae-story-no-icon\"><!-- Story Icon --><div class=\"twae-icon\"><i aria-hidden=\"true\" class=\"far fa-clock\"><\/i><\/div><!-- Story Arrow --><div class=\"twae-arrow\"><\/div><!-- Start of Story Content --><div class=\"twae-content\"><!-- Story Title --><div class=\"twae-title\">Epoca modern\u0103<\/div><!-- Story Description --><div class=\"twae-description\"><p>Se dezvolt\u0103 turismul \u0219i infrastructura ora\u0219ului este \u00eent\u0103rit\u0103 pentru a oferi o primire mai bun\u0103 vizitatorilor.<\/p><\/div><\/div><\/div><!-- Start of Story Repeater Content --><div id=\"story-ee97118\" class=\"twae-story twae-repeater-item twae-story-left twae-story-no-icon\"><!-- Story Icon --><div class=\"twae-icon\"><i aria-hidden=\"true\" class=\"far fa-clock\"><\/i><\/div><!-- Story Arrow --><div class=\"twae-arrow\"><\/div><!-- Start of Story Content --><div class=\"twae-content\"><!-- Story Title --><div class=\"twae-title\">\u00cenceputul secolului 21<\/div><!-- Story Description --><div class=\"twae-description\"><p>\u00ce\u0219i men\u021bine semnifica\u021bia ca unul dintre principalele porturi ale \u021b\u0103rii, atr\u0103g\u00e2nd activitate maritim\u0103 semnificativ\u0103 \u0219i interes comercial. \u00cen acela\u0219i timp, este o destina\u021bie turistic\u0103 popular\u0103, cu un patrimoniu natural \u0219i cultural bogat, atr\u0103g\u00e2nd vizitatori din \u00eentreaga lume pentru plajele sale \u0219i atmosfera tradi\u021bional\u0103.<\/p><\/div><\/div><\/div><\/div>\n    <div class=\"twae-end\"><\/div>\n    <\/div><style type=\"text\/css\">@media (max-width: 1024px){ .twae-wrapper{--tw-ybx-size: 80px !important;}}@media (max-width: 767px){ .twae-wrapper{--tw-ybx-size: 80px !important}}<\/style>\t\t\t\t<\/div>\n\t\t\t\t<\/div>\n\t\t\t\t\t<\/div>\n\t\t\t\t<\/div>\n\t\t<div class=\"elementor-element elementor-element-e2c2bd4 e-flex e-con-boxed e-con e-parent\" data-id=\"e2c2bd4\" data-element_type=\"container\" data-e-type=\"container\" data-settings=\"{&quot;background_background&quot;:&quot;classic&quot;,&quot;_ha_eqh_enable&quot;:false}\">\n\t\t\t\t\t<div class=\"e-con-inner\">\n\t\t\t\t<div class=\"elementor-element elementor-element-bed58c6 elementor-widget elementor-widget-image\" data-id=\"bed58c6\" data-element_type=\"widget\" data-e-type=\"widget\" data-widget_type=\"image.default\">\n\t\t\t\t<div class=\"elementor-widget-container\">\n\t\t\t\t\t\t\t\t\t\t\t\t\t\t\t\t<a href=\"\/ro\/advertising-registration\/\" target=\"_blank\">\n\t\t\t\t\t\t\t<img decoding=\"async\" width=\"219\" height=\"35\" src=\"https:\/\/discoverkavala.com\/wp-content\/uploads\/2025\/01\/flag-RO.png\" class=\"attachment-full size-full wp-image-5751\" alt=\"\" srcset=\"https:\/\/discoverkavala.com\/wp-content\/uploads\/2025\/01\/flag-RO.png 219w, https:\/\/discoverkavala.com\/wp-content\/uploads\/2025\/01\/flag-RO-18x3.png 18w\" sizes=\"(max-width: 219px) 100vw, 219px\" \/>\t\t\t\t\t\t\t\t<\/a>\n\t\t\t\t\t\t\t\t\t\t\t\t\t\t\t<\/div>\n\t\t\t\t<\/div>\n\t\t\t\t\t<\/div>\n\t\t\t\t<\/div>\n\t\t\t\t<\/div>","protected":false},"excerpt":{"rendered":"<p>History of Kavala Nestled amphitheatrically on the slopes of Mount Symbol, Kavala is arguably the most picturesque city in Northern Greece. It is the capital of the Kavala regional unit and has around 70,000 residents, showcasing the grandeur of a vibrant city with a rich history and culture. In antiquity, the city was known as&#8230;<\/p>","protected":false},"author":1,"featured_media":0,"parent":0,"menu_order":0,"comment_status":"closed","ping_status":"closed","template":"","meta":{"_kad_post_transparent":"","_kad_post_title":"hide","_kad_post_layout":"fullwidth","_kad_post_sidebar_id":"","_kad_post_content_style":"unboxed","_kad_post_vertical_padding":"hide","_kad_post_feature":"hide","_kad_post_feature_position":"","_kad_post_header":false,"_kad_post_footer":false,"_kad_post_classname":"","footnotes":""},"class_list":["post-47","page","type-page","status-publish","hentry"],"aioseo_notices":[],"_links":{"self":[{"href":"https:\/\/discoverkavala.com\/ro\/wp-json\/wp\/v2\/pages\/47","targetHints":{"allow":["GET"]}}],"collection":[{"href":"https:\/\/discoverkavala.com\/ro\/wp-json\/wp\/v2\/pages"}],"about":[{"href":"https:\/\/discoverkavala.com\/ro\/wp-json\/wp\/v2\/types\/page"}],"author":[{"embeddable":true,"href":"https:\/\/discoverkavala.com\/ro\/wp-json\/wp\/v2\/users\/1"}],"replies":[{"embeddable":true,"href":"https:\/\/discoverkavala.com\/ro\/wp-json\/wp\/v2\/comments?post=47"}],"version-history":[{"count":3,"href":"https:\/\/discoverkavala.com\/ro\/wp-json\/wp\/v2\/pages\/47\/revisions"}],"predecessor-version":[{"id":7984,"href":"https:\/\/discoverkavala.com\/ro\/wp-json\/wp\/v2\/pages\/47\/revisions\/7984"}],"wp:attachment":[{"href":"https:\/\/discoverkavala.com\/ro\/wp-json\/wp\/v2\/media?parent=47"}],"curies":[{"name":"wp","href":"https:\/\/api.w.org\/{rel}","templated":true}]}}