{"id":223,"date":"2024-08-30T00:22:16","date_gmt":"2024-08-29T21:22:16","guid":{"rendered":"https:\/\/discoverkavala.com\/?page_id=223"},"modified":"2024-09-06T11:27:04","modified_gmt":"2024-09-06T08:27:04","slug":"events","status":"publish","type":"page","link":"https:\/\/discoverkavala.com\/tr\/events","title":{"rendered":"Etkinlikler"},"content":{"rendered":"<div data-elementor-type=\"wp-page\" data-elementor-id=\"223\" class=\"elementor elementor-223\" data-elementor-settings=\"{&quot;ha_cmc_init_switcher&quot;:&quot;no&quot;}\" data-elementor-post-type=\"page\">\n\t\t\t\t\t\t<section class=\"elementor-section elementor-top-section elementor-element elementor-element-7a942d4 elementor-section-boxed elementor-section-height-default elementor-section-height-default\" data-id=\"7a942d4\" data-element_type=\"section\" data-e-type=\"section\" data-settings=\"{&quot;_ha_eqh_enable&quot;:false}\">\n\t\t\t\t\t\t<div class=\"elementor-container elementor-column-gap-default\">\n\t\t\t\t\t<div class=\"elementor-column elementor-col-100 elementor-top-column elementor-element elementor-element-f1b5d85\" data-id=\"f1b5d85\" data-element_type=\"column\" data-e-type=\"column\">\n\t\t\t<div class=\"elementor-widget-wrap elementor-element-populated\">\n\t\t\t\t\t\t<div class=\"elementor-element elementor-element-6eff03c elementor-widget elementor-widget-icon-box\" data-id=\"6eff03c\" data-element_type=\"widget\" data-e-type=\"widget\" data-widget_type=\"icon-box.default\">\n\t\t\t\t<div class=\"elementor-widget-container\">\n\t\t\t\t\t\t\t<div class=\"elementor-icon-box-wrapper\">\n\n\t\t\t\n\t\t\t\t\t\t<div class=\"elementor-icon-box-content\">\n\n\t\t\t\t\t\t\t\t\t<h2 class=\"elementor-icon-box-title\">\n\t\t\t\t\t\t<span  >\n\t\t\t\t\t\t\tEtkinlikler\t\t\t\t\t\t<\/span>\n\t\t\t\t\t<\/h2>\n\t\t\t\t\n\t\t\t\t\n\t\t\t<\/div>\n\t\t\t\n\t\t<\/div>\n\t\t\t\t\t\t<\/div>\n\t\t\t\t<\/div>\n\t\t\t\t<section class=\"elementor-section elementor-inner-section elementor-element elementor-element-b02d9c8 elementor-section-boxed elementor-section-height-default elementor-section-height-default\" data-id=\"b02d9c8\" data-element_type=\"section\" data-e-type=\"section\" data-settings=\"{&quot;_ha_eqh_enable&quot;:false}\">\n\t\t\t\t\t\t<div class=\"elementor-container elementor-column-gap-default\">\n\t\t\t\t\t<div class=\"elementor-column elementor-col-50 elementor-inner-column elementor-element elementor-element-f35c9db\" data-id=\"f35c9db\" data-element_type=\"column\" data-e-type=\"column\">\n\t\t\t<div class=\"elementor-widget-wrap elementor-element-populated\">\n\t\t\t\t\t\t<div class=\"elementor-element elementor-element-6f548a7 elementor-widget elementor-widget-image\" data-id=\"6f548a7\" data-element_type=\"widget\" data-e-type=\"widget\" data-widget_type=\"image.default\">\n\t\t\t\t<div class=\"elementor-widget-container\">\n\t\t\t\t\t\t\t\t\t\t\t\t\t\t\t<img decoding=\"async\" src=\"https:\/\/discoverkavala.com\/wp-content\/plugins\/elementor\/assets\/images\/placeholder.png\" title=\"\" alt=\"\" loading=\"lazy\" \/>\t\t\t\t\t\t\t\t\t\t\t\t\t\t\t<\/div>\n\t\t\t\t<\/div>\n\t\t\t\t\t<\/div>\n\t\t<\/div>\n\t\t\t\t<div class=\"elementor-column elementor-col-50 elementor-inner-column elementor-element elementor-element-1a320a8\" data-id=\"1a320a8\" data-element_type=\"column\" data-e-type=\"column\">\n\t\t\t<div class=\"elementor-widget-wrap elementor-element-populated\">\n\t\t\t\t\t\t<div class=\"elementor-element elementor-element-860e586 elementor-widget elementor-widget-heading\" data-id=\"860e586\" data-element_type=\"widget\" data-e-type=\"widget\" data-widget_type=\"heading.default\">\n\t\t\t\t<div class=\"elementor-widget-container\">\n\t\t\t\t\t<h2 class=\"elementor-heading-title elementor-size-default\">Kavala'da Noel<\/h2>\t\t\t\t<\/div>\n\t\t\t\t<\/div>\n\t\t\t\t<div class=\"elementor-element elementor-element-771593d elementor-widget elementor-widget-text-editor\" data-id=\"771593d\" data-element_type=\"widget\" data-e-type=\"widget\" data-widget_type=\"text-editor.default\">\n\t\t\t\t<div class=\"elementor-widget-container\">\n\t\t\t\t\t\t\t\t\t<p>Kavala'daki y\u0131ll\u0131k k\u00fclt\u00fcrel etkinlik 1999 y\u0131l\u0131nda ba\u015flad\u0131 ve her Aral\u0131k ay\u0131nda yakla\u015f\u0131k bir ay s\u00fcr\u00fcyor. Amac\u0131, Noel tatilleri s\u0131ras\u0131nda her ya\u015f grubuna y\u00f6nelik \u00fccretsiz k\u00fclt\u00fcrel etkinlikler sunmakt\u0131r. Etkinlik bir\u00e7ok aktiviteyi i\u00e7erir ve Kavala belediye birimi i\u00e7indeki \u00e7e\u015fitli kamu alanlar\u0131nda ger\u00e7ekle\u015fir. Fonlama, etkinli\u011fi organize eden Kavala Belediyesi'nden ve Eleftheria Meydan\u0131 ve Kavala'n\u0131n di\u011fer b\u00f6lgelerinde ticari ama\u00e7larla kullan\u0131lan alanlar\u0131n ve m\u00fclklerin kiralanmas\u0131ndan elde edilen gelirlerden gelmektedir.<\/p>\t\t\t\t\t\t\t\t<\/div>\n\t\t\t\t<\/div>\n\t\t\t\t\t<\/div>\n\t\t<\/div>\n\t\t\t\t\t<\/div>\n\t\t<\/section>\n\t\t\t\t<section class=\"elementor-section elementor-inner-section elementor-element elementor-element-ad9655a elementor-section-boxed elementor-section-height-default elementor-section-height-default\" data-id=\"ad9655a\" data-element_type=\"section\" data-e-type=\"section\" data-settings=\"{&quot;_ha_eqh_enable&quot;:false}\">\n\t\t\t\t\t\t<div class=\"elementor-container elementor-column-gap-default\">\n\t\t\t\t\t<div class=\"elementor-column elementor-col-50 elementor-inner-column elementor-element elementor-element-4d0e33d\" data-id=\"4d0e33d\" data-element_type=\"column\" data-e-type=\"column\">\n\t\t\t<div class=\"elementor-widget-wrap elementor-element-populated\">\n\t\t\t\t\t\t<div class=\"elementor-element elementor-element-9c1b2aa elementor-widget elementor-widget-image\" data-id=\"9c1b2aa\" data-element_type=\"widget\" data-e-type=\"widget\" data-widget_type=\"image.default\">\n\t\t\t\t<div class=\"elementor-widget-container\">\n\t\t\t\t\t\t\t\t\t\t\t\t\t\t\t<img decoding=\"async\" src=\"https:\/\/discoverkavala.com\/wp-content\/plugins\/elementor\/assets\/images\/placeholder.png\" title=\"\" alt=\"\" loading=\"lazy\" \/>\t\t\t\t\t\t\t\t\t\t\t\t\t\t\t<\/div>\n\t\t\t\t<\/div>\n\t\t\t\t\t<\/div>\n\t\t<\/div>\n\t\t\t\t<div class=\"elementor-column elementor-col-50 elementor-inner-column elementor-element elementor-element-dab7b70\" data-id=\"dab7b70\" data-element_type=\"column\" data-e-type=\"column\">\n\t\t\t<div class=\"elementor-widget-wrap elementor-element-populated\">\n\t\t\t\t\t\t<div class=\"elementor-element elementor-element-98a992a elementor-widget elementor-widget-heading\" data-id=\"98a992a\" data-element_type=\"widget\" data-e-type=\"widget\" data-widget_type=\"heading.default\">\n\t\t\t\t<div class=\"elementor-widget-container\">\n\t\t\t\t\t<h2 class=\"elementor-heading-title elementor-size-default\">Alfabe Ge\u00e7idi<\/h2>\t\t\t\t<\/div>\n\t\t\t\t<\/div>\n\t\t\t\t<div class=\"elementor-element elementor-element-280e3cd elementor-widget elementor-widget-text-editor\" data-id=\"280e3cd\" data-element_type=\"widget\" data-e-type=\"widget\" data-widget_type=\"text-editor.default\">\n\t\t\t\t<div class=\"elementor-widget-container\">\n\t\t\t\t\t\t\t\t\t<p>Alfabe Ge\u00e7idi, Kavala'da 2006 y\u0131l\u0131ndan beri d\u00fczenlenmektedir ve Temiz Pazartesi'den \u00f6nce, Karnaval kutlamalar\u0131n\u0131n bir \u00f6nc\u00fcs\u00fc olarak ger\u00e7ekle\u015fen etkileyici ve benzersiz bir k\u00fclt\u00fcrel etkinliktir. Ge\u00e7it t\u00f6reni s\u0131ras\u0131nda, ebeveynler ve \u00f6\u011fretmenler e\u015fli\u011finde, karton, tel ve kuma\u015f gibi malzemelerden yap\u0131lan ve alfabedeki \u00e7e\u015fitli harfleri temsil eden orijinal kost\u00fcmler giymi\u015f okul \u00e7ocuklar\u0131, \u015fehir merkezinde y\u00fcr\u00fcy\u00fc\u015f yaparak seyircileri b\u00fcy\u00fclemektedir. Etkinlik, renk, m\u00fczik ve yarat\u0131c\u0131l\u0131kla dolu ho\u015f bir atmosfer yaratmaktad\u0131r.<\/p>\t\t\t\t\t\t\t\t<\/div>\n\t\t\t\t<\/div>\n\t\t\t\t\t<\/div>\n\t\t<\/div>\n\t\t\t\t\t<\/div>\n\t\t<\/section>\n\t\t\t\t<section class=\"elementor-section elementor-inner-section elementor-element elementor-element-ea08a9c elementor-section-boxed elementor-section-height-default elementor-section-height-default\" data-id=\"ea08a9c\" data-element_type=\"section\" data-e-type=\"section\" data-settings=\"{&quot;_ha_eqh_enable&quot;:false}\">\n\t\t\t\t\t\t<div class=\"elementor-container elementor-column-gap-default\">\n\t\t\t\t\t<div class=\"elementor-column elementor-col-50 elementor-inner-column elementor-element elementor-element-d11e207\" data-id=\"d11e207\" data-element_type=\"column\" data-e-type=\"column\">\n\t\t\t<div class=\"elementor-widget-wrap elementor-element-populated\">\n\t\t\t\t\t\t<div class=\"elementor-element elementor-element-36994a6 elementor-widget elementor-widget-image\" data-id=\"36994a6\" data-element_type=\"widget\" data-e-type=\"widget\" data-widget_type=\"image.default\">\n\t\t\t\t<div class=\"elementor-widget-container\">\n\t\t\t\t\t\t\t\t\t\t\t\t\t\t\t<img decoding=\"async\" src=\"https:\/\/discoverkavala.com\/wp-content\/plugins\/elementor\/assets\/images\/placeholder.png\" title=\"\" alt=\"\" loading=\"lazy\" \/>\t\t\t\t\t\t\t\t\t\t\t\t\t\t\t<\/div>\n\t\t\t\t<\/div>\n\t\t\t\t\t<\/div>\n\t\t<\/div>\n\t\t\t\t<div class=\"elementor-column elementor-col-50 elementor-inner-column elementor-element elementor-element-27eb6c2\" data-id=\"27eb6c2\" data-element_type=\"column\" data-e-type=\"column\">\n\t\t\t<div class=\"elementor-widget-wrap elementor-element-populated\">\n\t\t\t\t\t\t<div class=\"elementor-element elementor-element-dcfb817 elementor-widget elementor-widget-heading\" data-id=\"dcfb817\" data-element_type=\"widget\" data-e-type=\"widget\" data-widget_type=\"heading.default\">\n\t\t\t\t<div class=\"elementor-widget-container\">\n\t\t\t\t\t<h2 class=\"elementor-heading-title elementor-size-default\">Pontus D\u00fc\u011f\u00fcn\u00fc Sahneleme<\/h2>\t\t\t\t<\/div>\n\t\t\t\t<\/div>\n\t\t\t\t<div class=\"elementor-element elementor-element-0c9da3a elementor-widget elementor-widget-text-editor\" data-id=\"0c9da3a\" data-element_type=\"widget\" data-e-type=\"widget\" data-widget_type=\"text-editor.default\">\n\t\t\t\t<div class=\"elementor-widget-container\">\n\t\t\t\t\t\t\t\t\t<p>Etkinlik, 1976 y\u0131l\u0131ndan beri Aziz Thomas'\u0131n bayram g\u00fcn\u00fcnde Zigos'un merkezi meydan\u0131nda s\u00fcrekli olarak d\u00fczenlenmektedir. Bu etkinlik, k\u00f6ydeki Pontus Derne\u011fi taraf\u0131ndan d\u00fczenlenen faaliyetlerin zirvesidir. Etkinli\u011fin amac\u0131, \"keskek\" ve \"pisia\" gibi geleneksel yemekler sunarak Pontus d\u00fc\u011f\u00fcn\u00fcn\u00fcn geleneklerini ve g\u00f6reneklerini canland\u0131rmak ve hem yerel halk hem de ziyaret\u00e7iler i\u00e7in e\u011flence ve keyif sa\u011flamakt\u0131r. Ayr\u0131ca, geleneksel m\u00fczik ve enstr\u00fcmanlar\u0131n sergilendi\u011fi bir performans d\u00fczenlenir ve Zigos Pontus Derne\u011fi \"Ypsilantis\" ve di\u011fer yerel derneklerin m\u00fczik ve dans gruplar\u0131 kat\u0131l\u0131r.<\/p>\t\t\t\t\t\t\t\t<\/div>\n\t\t\t\t<\/div>\n\t\t\t\t\t<\/div>\n\t\t<\/div>\n\t\t\t\t\t<\/div>\n\t\t<\/section>\n\t\t\t\t<section class=\"elementor-section elementor-inner-section elementor-element elementor-element-0f5dd93 elementor-section-boxed elementor-section-height-default elementor-section-height-default\" data-id=\"0f5dd93\" data-element_type=\"section\" data-e-type=\"section\" data-settings=\"{&quot;_ha_eqh_enable&quot;:false}\">\n\t\t\t\t\t\t<div class=\"elementor-container elementor-column-gap-default\">\n\t\t\t\t\t<div class=\"elementor-column elementor-col-50 elementor-inner-column elementor-element elementor-element-cab3499\" data-id=\"cab3499\" data-element_type=\"column\" data-e-type=\"column\">\n\t\t\t<div class=\"elementor-widget-wrap elementor-element-populated\">\n\t\t\t\t\t\t<div class=\"elementor-element elementor-element-448f2d0 elementor-widget elementor-widget-image\" data-id=\"448f2d0\" data-element_type=\"widget\" data-e-type=\"widget\" data-widget_type=\"image.default\">\n\t\t\t\t<div class=\"elementor-widget-container\">\n\t\t\t\t\t\t\t\t\t\t\t\t\t\t\t<img decoding=\"async\" src=\"https:\/\/discoverkavala.com\/wp-content\/plugins\/elementor\/assets\/images\/placeholder.png\" title=\"\" alt=\"\" loading=\"lazy\" \/>\t\t\t\t\t\t\t\t\t\t\t\t\t\t\t<\/div>\n\t\t\t\t<\/div>\n\t\t\t\t\t<\/div>\n\t\t<\/div>\n\t\t\t\t<div class=\"elementor-column elementor-col-50 elementor-inner-column elementor-element elementor-element-c08e6a9\" data-id=\"c08e6a9\" data-element_type=\"column\" data-e-type=\"column\">\n\t\t\t<div class=\"elementor-widget-wrap elementor-element-populated\">\n\t\t\t\t\t\t<div class=\"elementor-element elementor-element-2c23f55 elementor-widget elementor-widget-heading\" data-id=\"2c23f55\" data-element_type=\"widget\" data-e-type=\"widget\" data-widget_type=\"heading.default\">\n\t\t\t\t<div class=\"elementor-widget-container\">\n\t\t\t\t\t<h2 class=\"elementor-heading-title elementor-size-default\">Eleftheria<\/h2>\t\t\t\t<\/div>\n\t\t\t\t<\/div>\n\t\t\t\t<div class=\"elementor-element elementor-element-908ecaf elementor-widget elementor-widget-text-editor\" data-id=\"908ecaf\" data-element_type=\"widget\" data-e-type=\"widget\" data-widget_type=\"text-editor.default\">\n\t\t\t\t<div class=\"elementor-widget-container\">\n\t\t\t\t\t\t\t\t\t<p>Her y\u0131l Kavala Belediyesi, 26 Haziran 1913'te Balkan Sava\u015flar\u0131 s\u0131ras\u0131nda \u015fehirde Bulgar kuvvetlerinden kurtulu\u015fu kutlamak amac\u0131yla \"Eleftheria\" ad\u0131n\u0131 ta\u015f\u0131yan bir dizi k\u00fclt\u00fcrel etkinlik d\u00fczenlemektedir. Bu etkinlikler, genellikle Haziran ay\u0131n\u0131n ikinci yar\u0131s\u0131nda ger\u00e7ekle\u015fir ve 29 Haziran'da Kavala'n\u0131n koruyucu azizi Aziz Paul'un kutlamas\u0131yla sona erer. Kutlamalar tiyatro g\u00f6sterimleri, m\u00fczik etkinlikleri, g\u00f6rsel sanatlar sergileri, halk danslar\u0131 ve Kalenin yan\u0131 s\u0131ra \u00d6zg\u00fcrl\u00fck Meydan\u0131 gibi mekanlarda d\u00fczenlenen di\u011fer etkinlikleri i\u00e7ermektedir. Ziyaret\u00e7iler, bu sanatsal etkinlikler arac\u0131l\u0131\u011f\u0131yla yerel tarihi ke\u015ffetme ve takdir etme f\u0131rsat\u0131 bulurlar.<\/p>\t\t\t\t\t\t\t\t<\/div>\n\t\t\t\t<\/div>\n\t\t\t\t\t<\/div>\n\t\t<\/div>\n\t\t\t\t\t<\/div>\n\t\t<\/section>\n\t\t\t\t<section class=\"elementor-section elementor-inner-section elementor-element elementor-element-7f3fa0b elementor-section-boxed elementor-section-height-default elementor-section-height-default\" data-id=\"7f3fa0b\" data-element_type=\"section\" data-e-type=\"section\" data-settings=\"{&quot;_ha_eqh_enable&quot;:false}\">\n\t\t\t\t\t\t<div class=\"elementor-container elementor-column-gap-default\">\n\t\t\t\t\t<div class=\"elementor-column elementor-col-50 elementor-inner-column elementor-element elementor-element-bb5ac57\" data-id=\"bb5ac57\" data-element_type=\"column\" data-e-type=\"column\">\n\t\t\t<div class=\"elementor-widget-wrap elementor-element-populated\">\n\t\t\t\t\t\t<div class=\"elementor-element elementor-element-4896091 elementor-widget elementor-widget-image\" data-id=\"4896091\" data-element_type=\"widget\" data-e-type=\"widget\" data-widget_type=\"image.default\">\n\t\t\t\t<div class=\"elementor-widget-container\">\n\t\t\t\t\t\t\t\t\t\t\t\t\t\t\t<img decoding=\"async\" src=\"https:\/\/discoverkavala.com\/wp-content\/plugins\/elementor\/assets\/images\/placeholder.png\" title=\"\" alt=\"\" loading=\"lazy\" \/>\t\t\t\t\t\t\t\t\t\t\t\t\t\t\t<\/div>\n\t\t\t\t<\/div>\n\t\t\t\t\t<\/div>\n\t\t<\/div>\n\t\t\t\t<div class=\"elementor-column elementor-col-50 elementor-inner-column elementor-element elementor-element-693e693\" data-id=\"693e693\" data-element_type=\"column\" data-e-type=\"column\">\n\t\t\t<div class=\"elementor-widget-wrap elementor-element-populated\">\n\t\t\t\t\t\t<div class=\"elementor-element elementor-element-bda3973 elementor-widget elementor-widget-heading\" data-id=\"bda3973\" data-element_type=\"widget\" data-e-type=\"widget\" data-widget_type=\"heading.default\">\n\t\t\t\t<div class=\"elementor-widget-container\">\n\t\t\t\t\t<h2 class=\"elementor-heading-title elementor-size-default\">Kavala'da Beyaz Gece<\/h2>\t\t\t\t<\/div>\n\t\t\t\t<\/div>\n\t\t\t\t<div class=\"elementor-element elementor-element-a7c9c6e elementor-widget elementor-widget-text-editor\" data-id=\"a7c9c6e\" data-element_type=\"widget\" data-e-type=\"widget\" data-widget_type=\"text-editor.default\">\n\t\t\t\t<div class=\"elementor-widget-container\">\n\t\t\t\t\t\t\t\t\t<p>Kavala'da Beyaz Gece, her y\u0131l May\u0131s ay\u0131nda ger\u00e7ekle\u015ftirilen canl\u0131 bir etkinliktir ve Kavala Ticaret Derne\u011fi taraf\u0131ndan organize edilmektedir. Etkinlik s\u0131ras\u0131nda pazar, gece yar\u0131s\u0131na kadar a\u00e7\u0131k kal\u0131r ve ziyaret\u00e7ilere ma\u011fazalar\u0131 ve \u00f6zel f\u0131rsatlar\u0131 ke\u015ffetme imkan\u0131 sunar. Program, hem gen\u00e7ler hem de ya\u015fl\u0131lar i\u00e7in danslar, m\u00fczik performanslar\u0131 ve sergiler gibi onlarca etkinlik i\u00e7erir, e\u011flenceyi ticari tan\u0131t\u0131mla harmanlar. Geni\u015f etkinlik yelpazesi ile Beyaz Gece, al\u0131\u015fveri\u015f aktivitelerini art\u0131r\u0131r ve t\u00fcm kat\u0131l\u0131mc\u0131lar i\u00e7in keyifli bir ak\u015fam sunar.<\/p>\t\t\t\t\t\t\t\t<\/div>\n\t\t\t\t<\/div>\n\t\t\t\t\t<\/div>\n\t\t<\/div>\n\t\t\t\t\t<\/div>\n\t\t<\/section>\n\t\t\t\t<section class=\"elementor-section elementor-inner-section elementor-element elementor-element-972f478 elementor-section-boxed elementor-section-height-default elementor-section-height-default\" data-id=\"972f478\" data-element_type=\"section\" data-e-type=\"section\" data-settings=\"{&quot;_ha_eqh_enable&quot;:false}\">\n\t\t\t\t\t\t<div class=\"elementor-container elementor-column-gap-default\">\n\t\t\t\t\t<div class=\"elementor-column elementor-col-50 elementor-inner-column elementor-element elementor-element-016ed0c\" data-id=\"016ed0c\" data-element_type=\"column\" data-e-type=\"column\">\n\t\t\t<div class=\"elementor-widget-wrap elementor-element-populated\">\n\t\t\t\t\t\t<div class=\"elementor-element elementor-element-3242534 elementor-widget elementor-widget-image\" data-id=\"3242534\" data-element_type=\"widget\" data-e-type=\"widget\" data-widget_type=\"image.default\">\n\t\t\t\t<div class=\"elementor-widget-container\">\n\t\t\t\t\t\t\t\t\t\t\t\t\t\t\t<img decoding=\"async\" src=\"https:\/\/discoverkavala.com\/wp-content\/plugins\/elementor\/assets\/images\/placeholder.png\" title=\"\" alt=\"\" loading=\"lazy\" \/>\t\t\t\t\t\t\t\t\t\t\t\t\t\t\t<\/div>\n\t\t\t\t<\/div>\n\t\t\t\t\t<\/div>\n\t\t<\/div>\n\t\t\t\t<div class=\"elementor-column elementor-col-50 elementor-inner-column elementor-element elementor-element-c4b25de\" data-id=\"c4b25de\" data-element_type=\"column\" data-e-type=\"column\">\n\t\t\t<div class=\"elementor-widget-wrap elementor-element-populated\">\n\t\t\t\t\t\t<div class=\"elementor-element elementor-element-71d44d0 elementor-widget elementor-widget-heading\" data-id=\"71d44d0\" data-element_type=\"widget\" data-e-type=\"widget\" data-widget_type=\"heading.default\">\n\t\t\t\t<div class=\"elementor-widget-container\">\n\t\t\t\t\t<h2 class=\"elementor-heading-title elementor-size-default\">Perameia<\/h2>\t\t\t\t<\/div>\n\t\t\t\t<\/div>\n\t\t\t\t<div class=\"elementor-element elementor-element-0fbaef7 elementor-widget elementor-widget-text-editor\" data-id=\"0fbaef7\" data-element_type=\"widget\" data-e-type=\"widget\" data-widget_type=\"text-editor.default\">\n\t\t\t\t<div class=\"elementor-widget-container\">\n\t\t\t\t\t\t\t\t\t<p>Perameia, her y\u0131l Temmuz ay\u0131nda Nea Peramos\u2019ta on g\u00fcn boyunca d\u00fczenlenen bir etkinliktir ve zengin bir k\u00fclt\u00fcrel etkinlik program\u0131 sunmaktad\u0131r. Hem geleneksel hem de \u00e7a\u011fda\u015f unsurlar\u0131 i\u00e7eren m\u00fczik ve dans performanslar\u0131 ile \u00e7e\u015fitli temalar\u0131 kapsayan tiyatro g\u00f6sterimleri yer almaktad\u0131r. Ayr\u0131ca, yerel yarat\u0131c\u0131lar\u0131n sanat sergileri d\u00fczenlenerek b\u00f6lgenin k\u00fclt\u00fcrel miras\u0131n\u0131 ve yarat\u0131c\u0131l\u0131\u011f\u0131n\u0131 sergileme f\u0131rsat\u0131 sunulmaktad\u0131r. Festival, farkl\u0131 b\u00f6lgelerden ziyaret\u00e7ileri \u00e7ekmekte ve yerel toplulu\u011fun canl\u0131l\u0131\u011f\u0131n\u0131 ve geli\u015fimini desteklemektedir.<\/p>\t\t\t\t\t\t\t\t<\/div>\n\t\t\t\t<\/div>\n\t\t\t\t\t<\/div>\n\t\t<\/div>\n\t\t\t\t\t<\/div>\n\t\t<\/section>\n\t\t\t\t\t<\/div>\n\t\t<\/div>\n\t\t\t\t\t<\/div>\n\t\t<\/section>\n\t\t<div class=\"elementor-element elementor-element-7767236 e-flex e-con-boxed e-con e-parent\" data-id=\"7767236\" data-element_type=\"container\" data-e-type=\"container\" data-settings=\"{&quot;background_background&quot;:&quot;classic&quot;,&quot;_ha_eqh_enable&quot;:false}\">\n\t\t\t\t\t<div class=\"e-con-inner\">\n\t\t\t\t<div class=\"elementor-element elementor-element-bdb3cdb elementor-widget elementor-widget-image\" data-id=\"bdb3cdb\" data-element_type=\"widget\" data-e-type=\"widget\" data-widget_type=\"image.default\">\n\t\t\t\t<div class=\"elementor-widget-container\">\n\t\t\t\t\t\t\t\t\t\t\t\t\t\t\t\t<a href=\"\/tr\/contact\/\">\n\t\t\t\t\t\t\t<img decoding=\"async\" width=\"219\" height=\"35\" src=\"https:\/\/discoverkavala.com\/wp-content\/uploads\/2024\/10\/AdIcon-TR.png\" class=\"attachment-full size-full wp-image-1520\" alt=\"\" srcset=\"https:\/\/discoverkavala.com\/wp-content\/uploads\/2024\/10\/AdIcon-TR.png 219w, https:\/\/discoverkavala.com\/wp-content\/uploads\/2024\/10\/AdIcon-TR-18x3.png 18w\" sizes=\"(max-width: 219px) 100vw, 219px\" \/>\t\t\t\t\t\t\t\t<\/a>\n\t\t\t\t\t\t\t\t\t\t\t\t\t\t\t<\/div>\n\t\t\t\t<\/div>\n\t\t\t\t\t<\/div>\n\t\t\t\t<\/div>\n\t\t\t\t<\/div>","protected":false},"excerpt":{"rendered":"<p>Events Christmas in Kavala The annual cultural event in Kavala started in 1999 and lasts for about a month every December. Its purpose is to offer free cultural events for all age groups during the Christmas holidays. The event includes many activities and takes place in various public spaces within the municipal unit of Kavala&#8230;.<\/p>","protected":false},"author":1,"featured_media":0,"parent":0,"menu_order":0,"comment_status":"closed","ping_status":"closed","template":"elementor_header_footer","meta":{"_kad_post_transparent":"","_kad_post_title":"hide","_kad_post_layout":"fullwidth","_kad_post_sidebar_id":"","_kad_post_content_style":"unboxed","_kad_post_vertical_padding":"hide","_kad_post_feature":"hide","_kad_post_feature_position":"","_kad_post_header":false,"_kad_post_footer":false,"_kad_post_classname":"","footnotes":""},"class_list":["post-223","page","type-page","status-publish","hentry"],"aioseo_notices":[],"_links":{"self":[{"href":"https:\/\/discoverkavala.com\/tr\/wp-json\/wp\/v2\/pages\/223","targetHints":{"allow":["GET"]}}],"collection":[{"href":"https:\/\/discoverkavala.com\/tr\/wp-json\/wp\/v2\/pages"}],"about":[{"href":"https:\/\/discoverkavala.com\/tr\/wp-json\/wp\/v2\/types\/page"}],"author":[{"embeddable":true,"href":"https:\/\/discoverkavala.com\/tr\/wp-json\/wp\/v2\/users\/1"}],"replies":[{"embeddable":true,"href":"https:\/\/discoverkavala.com\/tr\/wp-json\/wp\/v2\/comments?post=223"}],"version-history":[{"count":0,"href":"https:\/\/discoverkavala.com\/tr\/wp-json\/wp\/v2\/pages\/223\/revisions"}],"wp:attachment":[{"href":"https:\/\/discoverkavala.com\/tr\/wp-json\/wp\/v2\/media?parent=223"}],"curies":[{"name":"wp","href":"https:\/\/api.w.org\/{rel}","templated":true}]}}