{"id":47,"date":"2024-07-31T10:26:04","date_gmt":"2024-07-31T07:26:04","guid":{"rendered":"https:\/\/discoverkavala.com\/?page_id=47"},"modified":"2025-01-20T23:19:26","modified_gmt":"2025-01-20T21:19:26","slug":"history","status":"publish","type":"page","link":"https:\/\/discoverkavala.com\/tr\/history","title":{"rendered":"Tarih"},"content":{"rendered":"<div data-elementor-type=\"wp-page\" data-elementor-id=\"47\" class=\"elementor elementor-47\" data-elementor-settings=\"{&quot;ha_cmc_init_switcher&quot;:&quot;no&quot;}\" data-elementor-post-type=\"page\">\n\t\t\t\t<div class=\"elementor-element elementor-element-b99172a e-flex e-con-boxed e-con e-parent\" data-id=\"b99172a\" data-element_type=\"container\" data-e-type=\"container\" data-settings=\"{&quot;_ha_eqh_enable&quot;:false}\">\n\t\t\t\t\t<div class=\"e-con-inner\">\n\t\t\t\t<div class=\"elementor-element elementor-element-396f952 elementor-widget elementor-widget-image\" data-id=\"396f952\" data-element_type=\"widget\" data-e-type=\"widget\" data-widget_type=\"image.default\">\n\t\t\t\t<div class=\"elementor-widget-container\">\n\t\t\t\t\t\t\t\t\t\t\t\t\t\t\t<img decoding=\"async\" src=\"https:\/\/discoverkavala.com\/wp-content\/uploads\/elementor\/thumbs\/history-icon-qtc8foryptytunc93rin3ppidemyl2hv8icnwdqpfg.png\" title=\"history-icon\" alt=\"history-icon\" loading=\"lazy\" \/>\t\t\t\t\t\t\t\t\t\t\t\t\t\t\t<\/div>\n\t\t\t\t<\/div>\n\t\t\t\t<div class=\"elementor-element elementor-element-c16ea68 elementor-widget elementor-widget-heading\" data-id=\"c16ea68\" data-element_type=\"widget\" data-e-type=\"widget\" data-widget_type=\"heading.default\">\n\t\t\t\t<div class=\"elementor-widget-container\">\n\t\t\t\t\t<h2 class=\"elementor-heading-title elementor-size-default\">Kavala'n\u0131n Tarihi<\/h2>\t\t\t\t<\/div>\n\t\t\t\t<\/div>\n\t\t\t\t\t<\/div>\n\t\t\t\t<\/div>\n\t\t<div class=\"elementor-element elementor-element-d57653c e-flex e-con-boxed e-con e-parent\" data-id=\"d57653c\" data-element_type=\"container\" data-e-type=\"container\" data-settings=\"{&quot;_ha_eqh_enable&quot;:false}\">\n\t\t\t\t\t<div class=\"e-con-inner\">\n\t\t\t\t<div class=\"elementor-element elementor-element-2e0b645 elementor-widget elementor-widget-text-editor\" data-id=\"2e0b645\" data-element_type=\"widget\" data-e-type=\"widget\" data-widget_type=\"text-editor.default\">\n\t\t\t\t<div class=\"elementor-widget-container\">\n\t\t\t\t\t\t\t\t\t<p>Simbol Da\u011f\u0131'n\u0131n yama\u00e7lar\u0131nda amfitiyatro \u015feklinde yer alan Kavala, Kuzey Yunanistan'\u0131n en resmedilebilir \u015fehri olarak kabul edilebilir. Kavala ilinin merkezi olan \u015fehir, yakla\u015f\u0131k 70.000 sakini ile zengin bir tarih ve k\u00fclt\u00fcre sahip canl\u0131 bir \u015fehrin ihti\u015fam\u0131n\u0131 sergilemektedir.<\/p><p>Antik \u00e7a\u011fda \u015fehir, \"Yeni \u015eehir\" anlam\u0131na gelen Neapolis olarak biliniyordu; bu, M.\u00d6. 7. y\u00fczy\u0131lda Thassoslu yerle\u015fimciler taraf\u0131ndan yeni bir koloninin kuruldu\u011funu g\u00f6steriyor. Kavala K\u00f6rfezi'ndeki stratejik konumu, onu Thassos'un kar\u015f\u0131s\u0131nda yer alan ideal bir liman ve ticaret merkezi haline getirmi\u015ftir; Thassos, zengin alt\u0131n ve g\u00fcm\u00fc\u015f yataklar\u0131 nedeniyle zaten \u00f6nemli bir merkezdi.<\/p>\t\t\t\t\t\t\t\t<\/div>\n\t\t\t\t<\/div>\n\t\t\t\t\t<\/div>\n\t\t\t\t<\/div>\n\t\t<div class=\"elementor-element elementor-element-0b62797 e-flex e-con-boxed e-con e-parent\" data-id=\"0b62797\" data-element_type=\"container\" data-e-type=\"container\" data-settings=\"{&quot;_ha_eqh_enable&quot;:false}\">\n\t\t\t\t\t<div class=\"e-con-inner\">\n\t\t\t\t<div class=\"elementor-element elementor-element-8677ce1 elementor-widget elementor-widget-timeline-widget-addon\" data-id=\"8677ce1\" data-element_type=\"widget\" data-e-type=\"widget\" data-widget_type=\"timeline-widget-addon.default\">\n\t\t\t\t<div class=\"elementor-widget-container\">\n\t\t\t\t\t<!-- ========= Timeline Widget Addon For Elementor 1.6.23 ========= -->\n<div id=\"twae-wrapper-8677ce1\" class=\"twae-vertical twae-wrapper  twae-both-sided\">   \n    <div class=\"twae-start\"><\/div>    \n    <div id=\"twea-timeline-8677ce1\" class=\"twae-timeline\" ><!-- Start of Story Repeater Content --><div id=\"story-75419bf\" class=\"twae-story twae-repeater-item twae-story-right twae-story-no-icon\"><!-- Story Icon --><div class=\"twae-icon\"><i aria-hidden=\"true\" class=\"far fa-clock\"><\/i><\/div><!-- Story Arrow --><div class=\"twae-arrow\"><\/div><!-- Start of Story Content --><div class=\"twae-content\"><!-- Story Title --><div class=\"twae-title\">M.\u00d6. 7. y\u00fczy\u0131l<\/div><!-- Story Description --><div class=\"twae-description\"><p>Thasoslular taraf\u0131ndan Neapolis olarak kurulan \u015fehir, antik \u00e7a\u011flarda \u00f6nemli bir ticaret ve k\u00fclt\u00fcr merkezi haline geldi.<\/p><\/div><\/div><\/div><!-- Start of Story Repeater Content --><div id=\"story-ef18eaf\" class=\"twae-story twae-repeater-item twae-story-left twae-story-no-icon\"><!-- Story Icon --><div class=\"twae-icon\"><i aria-hidden=\"true\" class=\"far fa-clock\"><\/i><\/div><!-- Story Arrow --><div class=\"twae-arrow\"><\/div><!-- Start of Story Content --><div class=\"twae-content\"><!-- Story Title --><div class=\"twae-title\">M.\u00d6. 5. y\u00fczy\u0131l<\/div><!-- Story Description --><div class=\"twae-description\"><p>Atina \u0130ttifak\u0131'na (Delos \u0130ttifak\u0131) kat\u0131larak Atina'n\u0131n hegemonyas\u0131n\u0131 desteklemi\u015f ve ittifak\u0131n ortak askeri ve politik y\u00fck\u00fcml\u00fcl\u00fcklerine aktif olarak kat\u0131lm\u0131\u015ft\u0131r.<\/p><\/div><\/div><\/div><!-- Start of Story Repeater Content --><div id=\"story-f64fd07\" class=\"twae-story twae-repeater-item twae-story-right twae-story-no-icon\"><!-- Story Icon --><div class=\"twae-icon\"><i aria-hidden=\"true\" class=\"far fa-clock\"><\/i><\/div><!-- Story Arrow --><div class=\"twae-arrow\"><\/div><!-- Start of Story Content --><div class=\"twae-content\"><!-- Story Title --><div class=\"twae-title\">M.\u00d6. 4. y\u00fczy\u0131l.<\/div><!-- Story Description --><div class=\"twae-description\"><p>II. Filip taraf\u0131ndan Makedonya Krall\u0131\u011f\u0131'na entegre edilerek \u015fehri Makedonya topraklar\u0131n\u0131n \u00f6nemli bir merkezi haline getirmi\u015ftir.<\/p><\/div><\/div><\/div><!-- Start of Story Repeater Content --><div id=\"story-5077b68\" class=\"twae-story twae-repeater-item twae-story-left twae-story-no-icon\"><!-- Story Icon --><div class=\"twae-icon\"><i aria-hidden=\"true\" class=\"far fa-clock\"><\/i><\/div><!-- Story Arrow --><div class=\"twae-arrow\"><\/div><!-- Start of Story Content --><div class=\"twae-content\"><!-- Story Title --><div class=\"twae-title\">M.\u00d6. 336<\/div><!-- Story Description --><div class=\"twae-description\"><p>Filip II suikasta u\u011frad\u0131 ve tahta B\u00fcy\u00fck \u0130skender ge\u00e7ti.<\/p><\/div><\/div><\/div><!-- Start of Story Repeater Content --><div id=\"story-41903ce\" class=\"twae-story twae-repeater-item twae-story-right twae-story-no-icon\"><!-- Story Icon --><div class=\"twae-icon\"><i aria-hidden=\"true\" class=\"far fa-clock\"><\/i><\/div><!-- Story Arrow --><div class=\"twae-arrow\"><\/div><!-- Start of Story Content --><div class=\"twae-content\"><!-- Story Title --><div class=\"twae-title\">M.S. 49<\/div><!-- Story Description --><div class=\"twae-description\"><p>Apostol Pavlus Kavala'y\u0131 ziyaret ediyor ve \u015fehrin k\u00fclt\u00fcrel ve dini zenginli\u011fini vurguluyor.<\/p><\/div><\/div><\/div><!-- Start of Story Repeater Content --><div id=\"story-032b490\" class=\"twae-story twae-repeater-item twae-story-left twae-story-no-icon\"><!-- Story Icon --><div class=\"twae-icon\"><i aria-hidden=\"true\" class=\"far fa-clock\"><\/i><\/div><!-- Story Arrow --><div class=\"twae-arrow\"><\/div><!-- Start of Story Content --><div class=\"twae-content\"><!-- Story Title --><div class=\"twae-title\">M.S. 50<\/div><!-- Story Description --><div class=\"twae-description\"><p>\u0130lk Hristiyan toplulu\u011fu kurulur ve bu, b\u00f6lgenin ve genel olarak Hristiyanl\u0131\u011f\u0131n tarihinde \u00f6nemli bir yer tutar.<\/p><\/div><\/div><\/div><!-- Start of Story Repeater Content --><div id=\"story-7371f35\" class=\"twae-story twae-repeater-item twae-story-right twae-story-no-icon\"><!-- Story Icon --><div class=\"twae-icon\"><i aria-hidden=\"true\" class=\"far fa-clock\"><\/i><\/div><!-- Story Arrow --><div class=\"twae-arrow\"><\/div><!-- Start of Story Content --><div class=\"twae-content\"><!-- Story Title --><div class=\"twae-title\">1. - 4. y\u00fczy\u0131l.<\/div><!-- Story Description --><div class=\"twae-description\"><p>\u00a0\u00d6nemli bir ticaret ve askeri geli\u015fim g\u00f6stererek, do\u011fu Akdeniz'in daha geni\u015f \u00e7evresinde \u00f6nemli bir ticaret merkezi ve stratejik konum haline gelir.<\/p><\/div><\/div><\/div><!-- Start of Story Repeater Content --><div id=\"story-bc43d54\" class=\"twae-story twae-repeater-item twae-story-left twae-story-no-icon\"><!-- Story Icon --><div class=\"twae-icon\"><i aria-hidden=\"true\" class=\"far fa-clock\"><\/i><\/div><!-- Story Arrow --><div class=\"twae-arrow\"><\/div><!-- Start of Story Content --><div class=\"twae-content\"><!-- Story Title --><div class=\"twae-title\">M.S. 6. y\u00fczy\u0131l.<\/div><!-- Story Description --><div class=\"twae-description\"><p>Hristiyanlar ve Hristiyan toplulu\u011funun \u00f6nemli varl\u0131\u011f\u0131 nedeniyle Hristopolis olarak adland\u0131r\u0131l\u0131r.<\/p><\/div><\/div><\/div><!-- Start of Story Repeater Content --><div id=\"story-7dd368e\" class=\"twae-story twae-repeater-item twae-story-right twae-story-no-icon\"><!-- Story Icon --><div class=\"twae-icon\"><i aria-hidden=\"true\" class=\"far fa-clock\"><\/i><\/div><!-- Story Arrow --><div class=\"twae-arrow\"><\/div><!-- Start of Story Content --><div class=\"twae-content\"><!-- Story Title --><div class=\"twae-title\">Orta \u00c7a\u011f<\/div><!-- Story Description --><div class=\"twae-description\"><p>Bizansl\u0131lar\u0131n, ard\u0131ndan Latinlerin ve Arnavutlar\u0131n egemenli\u011fini ard\u0131\u015f\u0131k olarak ya\u015fayan \u015fehir, tarihi etkiler ve k\u00fclt\u00fcrel \u00e7e\u015fitlilik a\u00e7\u0131s\u0131ndan zengin hale gelir.<\/p><\/div><\/div><\/div><!-- Start of Story Repeater Content --><div id=\"story-7664044\" class=\"twae-story twae-repeater-item twae-story-left twae-story-no-icon\"><!-- Story Icon --><div class=\"twae-icon\"><i aria-hidden=\"true\" class=\"far fa-clock\"><\/i><\/div><!-- Story Arrow --><div class=\"twae-arrow\"><\/div><!-- Start of Story Content --><div class=\"twae-content\"><!-- Story Title --><div class=\"twae-title\">14. - 15. y\u00fczy\u0131l<\/div><!-- Story Description --><div class=\"twae-description\"><p>Osmanl\u0131 fetihleriyle \u015fehir, mimarisi, k\u00fclt\u00fcr\u00fc ve sosyal yap\u0131s\u0131 \u00fczerinde etkili olan \u00f6nemli bir tarihsel d\u00f6n\u00fc\u015f\u00fcm ya\u015famaktad\u0131r.<\/p><\/div><\/div><\/div><!-- Start of Story Repeater Content --><div id=\"story-2761a62\" class=\"twae-story twae-repeater-item twae-story-right twae-story-no-icon\"><!-- Story Icon --><div class=\"twae-icon\"><i aria-hidden=\"true\" class=\"far fa-clock\"><\/i><\/div><!-- Story Arrow --><div class=\"twae-arrow\"><\/div><!-- Start of Story Content --><div class=\"twae-content\"><!-- Story Title --><div class=\"twae-title\">20. y\u00fczy\u0131l\u0131n ba\u015flar\u0131<\/div><!-- Story Description --><div class=\"twae-description\"><p>Balkan Sava\u015flar\u0131, Kavala'n\u0131n Osmanl\u0131 \u0130mparatorlu\u011fu'ndan kurtulu\u015funa ve \u00f6zg\u00fcr Yunan devletine kat\u0131lmas\u0131na yol a\u00e7ar.<\/p><\/div><\/div><\/div><!-- Start of Story Repeater Content --><div id=\"story-9b44e65\" class=\"twae-story twae-repeater-item twae-story-left twae-story-no-icon\"><!-- Story Icon --><div class=\"twae-icon\"><i aria-hidden=\"true\" class=\"far fa-clock\"><\/i><\/div><!-- Story Arrow --><div class=\"twae-arrow\"><\/div><!-- Start of Story Content --><div class=\"twae-content\"><!-- Story Title --><div class=\"twae-title\">Sava\u015flar aras\u0131 d\u00f6nem<\/div><!-- Story Description --><div class=\"twae-description\"><p>\u0130ki d\u00fcnya sava\u015f\u0131 aras\u0131ndaki d\u00f6nemde \u00f6nemli bir ticaret merkezi ve liman olarak konumunu vurgular, t\u00fct\u00fcn ihracat\u0131ndan faydalanarak refah i\u00e7inde ya\u015far ve ayn\u0131 zamanda k\u00fclt\u00fcrel ve mimari olarak geli\u015fir.<\/p><\/div><\/div><\/div><!-- Start of Story Repeater Content --><div id=\"story-8221df4\" class=\"twae-story twae-repeater-item twae-story-right twae-story-no-icon\"><!-- Story Icon --><div class=\"twae-icon\"><i aria-hidden=\"true\" class=\"far fa-clock\"><\/i><\/div><!-- Story Arrow --><div class=\"twae-arrow\"><\/div><!-- Start of Story Content --><div class=\"twae-content\"><!-- Story Title --><div class=\"twae-title\">\u0130kinci D\u00fcnya Sava\u015f\u0131<\/div><!-- Story Description --><div class=\"twae-description\"><p>\u0130kinci D\u00fcnya Sava\u015f\u0131 s\u0131ras\u0131nda Almanlar taraf\u0131ndan i\u015fgal alt\u0131nda, bu durum n\u00fcfusun ya\u015fam\u0131n\u0131 ve ya\u015fam ko\u015fullar\u0131n\u0131 derinden etkilemi\u015ftir.<\/p><\/div><\/div><\/div><!-- Start of Story Repeater Content --><div id=\"story-a66935c\" class=\"twae-story twae-repeater-item twae-story-left twae-story-no-icon\"><!-- Story Icon --><div class=\"twae-icon\"><i aria-hidden=\"true\" class=\"far fa-clock\"><\/i><\/div><!-- Story Arrow --><div class=\"twae-arrow\"><\/div><!-- Start of Story Content --><div class=\"twae-content\"><!-- Story Title --><div class=\"twae-title\">Sava\u015ftan Sonraki D\u00f6nem<\/div><!-- Story Description --><div class=\"twae-description\"><p>\u00d6nemli bir ekonomik geli\u015fim a\u015famas\u0131ndad\u0131r ve ayn\u0131 zamanda m\u00fcltecilerin yeniden yerle\u015ftirilmesi ile yerel toplulu\u011fa yeni f\u0131rsatlar ve kolayl\u0131klar sunmaktad\u0131r.<\/p><\/div><\/div><\/div><!-- Start of Story Repeater Content --><div id=\"story-94115a2\" class=\"twae-story twae-repeater-item twae-story-right twae-story-no-icon\"><!-- Story Icon --><div class=\"twae-icon\"><i aria-hidden=\"true\" class=\"far fa-clock\"><\/i><\/div><!-- Story Arrow --><div class=\"twae-arrow\"><\/div><!-- Start of Story Content --><div class=\"twae-content\"><!-- Story Title --><div class=\"twae-title\">Modern d\u00f6nem<\/div><!-- Story Description --><div class=\"twae-description\"><p>Turizm geli\u015fiyor ve \u015fehrin altyap\u0131s\u0131, ziyaret\u00e7ilerin daha iyi kar\u015f\u0131lanmas\u0131 i\u00e7in g\u00fc\u00e7lendiriliyor.<\/p><\/div><\/div><\/div><!-- Start of Story Repeater Content --><div id=\"story-ee97118\" class=\"twae-story twae-repeater-item twae-story-left twae-story-no-icon\"><!-- Story Icon --><div class=\"twae-icon\"><i aria-hidden=\"true\" class=\"far fa-clock\"><\/i><\/div><!-- Story Arrow --><div class=\"twae-arrow\"><\/div><!-- Start of Story Content --><div class=\"twae-content\"><!-- Story Title --><div class=\"twae-title\">21. y\u00fczy\u0131l\u0131n ba\u015flar\u0131<\/div><!-- Story Description --><div class=\"twae-description\"><p>\u00dclkenin ana limanlar\u0131ndan biri olarak \u00f6nemini korur, \u00f6nemli denizcilik faaliyetleri ve ticari ilgi \u00e7eker. Ayn\u0131 zamanda, zengin do\u011fal ve k\u00fclt\u00fcrel miras\u0131yla pop\u00fcler bir turistik destinasyon olup, plajlar\u0131 ve geleneksel atmosferi i\u00e7in d\u00fcnya \u00e7ap\u0131nda ziyaret\u00e7ileri kendine \u00e7eker.<\/p><\/div><\/div><\/div><\/div>\n    <div class=\"twae-end\"><\/div>\n    <\/div><style type=\"text\/css\">@media (max-width: 1024px){ .twae-wrapper{--tw-ybx-size: 80px !important;}}@media (max-width: 767px){ .twae-wrapper{--tw-ybx-size: 80px !important}}<\/style>\t\t\t\t<\/div>\n\t\t\t\t<\/div>\n\t\t\t\t\t<\/div>\n\t\t\t\t<\/div>\n\t\t<div class=\"elementor-element elementor-element-e2c2bd4 e-flex e-con-boxed e-con e-parent\" data-id=\"e2c2bd4\" data-element_type=\"container\" data-e-type=\"container\" data-settings=\"{&quot;background_background&quot;:&quot;classic&quot;,&quot;_ha_eqh_enable&quot;:false}\">\n\t\t\t\t\t<div class=\"e-con-inner\">\n\t\t\t\t<div class=\"elementor-element elementor-element-bed58c6 elementor-widget elementor-widget-image\" data-id=\"bed58c6\" data-element_type=\"widget\" data-e-type=\"widget\" data-widget_type=\"image.default\">\n\t\t\t\t<div class=\"elementor-widget-container\">\n\t\t\t\t\t\t\t\t\t\t\t\t\t\t\t\t<a href=\"\/tr\/advertising-registration\/\" target=\"_blank\">\n\t\t\t\t\t\t\t<img decoding=\"async\" width=\"219\" height=\"35\" src=\"https:\/\/discoverkavala.com\/wp-content\/uploads\/2025\/01\/flag-TR.png\" class=\"attachment-full size-full wp-image-5751\" alt=\"\" srcset=\"https:\/\/discoverkavala.com\/wp-content\/uploads\/2025\/01\/flag-TR.png 219w, https:\/\/discoverkavala.com\/wp-content\/uploads\/2025\/01\/flag-TR-18x3.png 18w\" sizes=\"(max-width: 219px) 100vw, 219px\" \/>\t\t\t\t\t\t\t\t<\/a>\n\t\t\t\t\t\t\t\t\t\t\t\t\t\t\t<\/div>\n\t\t\t\t<\/div>\n\t\t\t\t\t<\/div>\n\t\t\t\t<\/div>\n\t\t\t\t<\/div>","protected":false},"excerpt":{"rendered":"<p>History of Kavala Nestled amphitheatrically on the slopes of Mount Symbol, Kavala is arguably the most picturesque city in Northern Greece. It is the capital of the Kavala regional unit and has around 70,000 residents, showcasing the grandeur of a vibrant city with a rich history and culture. In antiquity, the city was known as&#8230;<\/p>","protected":false},"author":1,"featured_media":0,"parent":0,"menu_order":0,"comment_status":"closed","ping_status":"closed","template":"","meta":{"_kad_post_transparent":"","_kad_post_title":"hide","_kad_post_layout":"fullwidth","_kad_post_sidebar_id":"","_kad_post_content_style":"unboxed","_kad_post_vertical_padding":"hide","_kad_post_feature":"hide","_kad_post_feature_position":"","_kad_post_header":false,"_kad_post_footer":false,"_kad_post_classname":"","footnotes":""},"class_list":["post-47","page","type-page","status-publish","hentry"],"aioseo_notices":[],"_links":{"self":[{"href":"https:\/\/discoverkavala.com\/tr\/wp-json\/wp\/v2\/pages\/47","targetHints":{"allow":["GET"]}}],"collection":[{"href":"https:\/\/discoverkavala.com\/tr\/wp-json\/wp\/v2\/pages"}],"about":[{"href":"https:\/\/discoverkavala.com\/tr\/wp-json\/wp\/v2\/types\/page"}],"author":[{"embeddable":true,"href":"https:\/\/discoverkavala.com\/tr\/wp-json\/wp\/v2\/users\/1"}],"replies":[{"embeddable":true,"href":"https:\/\/discoverkavala.com\/tr\/wp-json\/wp\/v2\/comments?post=47"}],"version-history":[{"count":3,"href":"https:\/\/discoverkavala.com\/tr\/wp-json\/wp\/v2\/pages\/47\/revisions"}],"predecessor-version":[{"id":7984,"href":"https:\/\/discoverkavala.com\/tr\/wp-json\/wp\/v2\/pages\/47\/revisions\/7984"}],"wp:attachment":[{"href":"https:\/\/discoverkavala.com\/tr\/wp-json\/wp\/v2\/media?parent=47"}],"curies":[{"name":"wp","href":"https:\/\/api.w.org\/{rel}","templated":true}]}}